{"id":3,"date":"2025-11-13T10:19:42","date_gmt":"2025-11-13T10:19:42","guid":{"rendered":"http:\/\/lahaut.net\/?page_id=3"},"modified":"2025-12-12T09:21:04","modified_gmt":"2025-12-12T09:21:04","slug":"politique-de-confidentialite","status":"publish","type":"page","link":"https:\/\/lahaut.net\/index.php\/politique-de-confidentialite\/","title":{"rendered":"Politique de confidentialit\u00e9"},"content":{"rendered":"\t\t<div data-elementor-type=\"wp-page\" data-elementor-id=\"3\" class=\"elementor elementor-3\" data-elementor-post-type=\"page\">\n\t\t\t\t<div class=\"elementor-element elementor-element-7e6c12ab e-flex e-con-boxed e-con e-parent\" data-id=\"7e6c12ab\" data-element_type=\"container\">\n\t\t\t\t\t<div class=\"e-con-inner\">\n\t\t\t\t<div class=\"elementor-element elementor-element-0eed01d elementor-widget elementor-widget-heading\" data-id=\"0eed01d\" data-element_type=\"widget\" data-widget_type=\"heading.default\">\n\t\t\t\t\t<h2 class=\"elementor-heading-title elementor-size-default\">Politique de confidentialit\u00e9<\/h2>\t\t\t\t<\/div>\n\t\t\t\t<div class=\"elementor-element elementor-element-6fc97736 elementor-widget elementor-widget-text-editor\" data-id=\"6fc97736\" data-element_type=\"widget\" data-widget_type=\"text-editor.default\">\n\t\t\t\t\t\t\t\t\t<p>Bienvenue sur <strong data-start=\"378\" data-end=\"400\"><a class=\"decorated-link\" href=\"https:\/\/lahaut.net\" target=\"_new\" rel=\"noopener\" data-start=\"380\" data-end=\"398\">https:\/\/lahaut.net<\/a><\/strong> (ci-apr\u00e8s \u00ab le Site \u00bb). La protection de votre vie priv\u00e9e et de vos donn\u00e9es personnelles est une priorit\u00e9 pour nous. Cette politique de confidentialit\u00e9 a pour objectif de vous informer de mani\u00e8re transparente sur la collecte, l\u2019utilisation, la conservation et les droits relatifs \u00e0 vos donn\u00e9es personnelles lors de votre navigation sur le Site.<\/p>\n<p>\u00a0<\/p>\n<h2 data-start=\"752\" data-end=\"779\"><strong data-start=\"755\" data-end=\"779\">1. Qui sommes-nous ?<\/strong><\/h2>\n<p data-start=\"781\" data-end=\"812\">Le pr\u00e9sent site est \u00e9dit\u00e9 par :<\/p>\n<p data-start=\"814\" data-end=\"932\"><strong data-start=\"814\" data-end=\"828\">Lahaut.net<\/strong><br data-start=\"828\" data-end=\"831\" \/>Adresse : <span class=\"w8qArf FoJoyf\">\u00a0<\/span><a style=\"font-family: -apple-system, BlinkMacSystemFont, 'Segoe UI', Roboto, 'Helvetica Neue', Arial, 'Noto Sans', sans-serif, 'Apple Color Emoji', 'Segoe UI Emoji', 'Segoe UI Symbol', 'Noto Color Emoji';\" tabindex=\"0\" href=\"https:\/\/www.google.com\/maps\/place\/\/data=!4m2!3m1!1s0x478bc060cd958763:0x70e10ce2802f64df?sa=X&amp;ved=1t:8290&amp;ictx=111\" data-url=\"\/maps\/place\/\/data=!4m2!3m1!1s0x478bc060cd958763:0x70e10ce2802f64df?sa=X&amp;ved=2ahUKEwj19NPN27eRAxXnRqQEHbJuFrwQ4kB6BAgGEAA\">Station de La Sambuy Le Vargnoz, 74210<\/a><br \/>Email : <a href=\"mailto:contact@lahaut.net\"><span class=\"elementor-icon-list-text\">contact@lahaut.net<\/span><\/a><\/p>\n<hr data-start=\"934\" data-end=\"937\" \/>\n<h2 data-start=\"939\" data-end=\"980\"><strong data-start=\"942\" data-end=\"980\">2. Donn\u00e9es personnelles collect\u00e9es<\/strong><\/h2>\n<p data-start=\"982\" data-end=\"1042\">Nous pouvons collecter les cat\u00e9gories de donn\u00e9es suivantes :<\/p>\n<h3 data-start=\"1044\" data-end=\"1084\"><strong data-start=\"1048\" data-end=\"1084\">2.1 Donn\u00e9es fournies directement<\/strong><\/h3>\n<p data-start=\"1085\" data-end=\"1221\">Lorsque vous remplissez un formulaire, vous abonnez \u00e0 une newsletter, vous nous envoyez un message ou cr\u00e9ez un compte, nous collectons :<\/p>\n<ul data-start=\"1222\" data-end=\"1346\">\n<li data-start=\"1222\" data-end=\"1237\">\n<p data-start=\"1224\" data-end=\"1237\">Nom et pr\u00e9nom<\/p>\n<\/li>\n<li data-start=\"1238\" data-end=\"1254\">\n<p data-start=\"1240\" data-end=\"1254\">Adresse e-mail<\/p>\n<\/li>\n<li data-start=\"1255\" data-end=\"1288\">\n<p data-start=\"1257\" data-end=\"1288\">Num\u00e9ro de t\u00e9l\u00e9phone (si fourni)<\/p>\n<\/li>\n<li data-start=\"1289\" data-end=\"1346\">\n<p data-start=\"1291\" data-end=\"1346\">Informations partag\u00e9es volontairement dans vos messages<\/p>\n<\/li>\n<\/ul>\n<h3 data-start=\"1348\" data-end=\"1394\"><strong data-start=\"1352\" data-end=\"1394\">2.2 Donn\u00e9es collect\u00e9es automatiquement<\/strong><\/h3>\n<p data-start=\"1395\" data-end=\"1519\">Lors de votre navigation, certaines donn\u00e9es sont collect\u00e9es automatiquement via des cookies ou outils de mesure d\u2019audience :<\/p>\n<ul data-start=\"1520\" data-end=\"1638\">\n<li data-start=\"1520\" data-end=\"1532\">\n<p data-start=\"1522\" data-end=\"1532\">Adresse IP<\/p>\n<\/li>\n<li data-start=\"1533\" data-end=\"1553\">\n<p data-start=\"1535\" data-end=\"1553\">Type de navigateur<\/p>\n<\/li>\n<li data-start=\"1554\" data-end=\"1570\">\n<p data-start=\"1556\" data-end=\"1570\">Pages visit\u00e9es<\/p>\n<\/li>\n<li data-start=\"1571\" data-end=\"1596\">\n<p data-start=\"1573\" data-end=\"1596\">Temps pass\u00e9 sur le site<\/p>\n<\/li>\n<li data-start=\"1597\" data-end=\"1638\">\n<p data-start=\"1599\" data-end=\"1638\">Donn\u00e9es de performance et de navigation<\/p>\n<\/li>\n<\/ul>\n<hr data-start=\"1640\" data-end=\"1643\" \/>\n<h2 data-start=\"1645\" data-end=\"1690\"><strong data-start=\"1648\" data-end=\"1690\">3. Finalit\u00e9s du traitement des donn\u00e9es<\/strong><\/h2>\n<p data-start=\"1692\" data-end=\"1736\">Les donn\u00e9es collect\u00e9es sont utilis\u00e9es pour :<\/p>\n<ol data-start=\"1738\" data-end=\"1973\">\n<li data-start=\"1738\" data-end=\"1778\">\n<p data-start=\"1741\" data-end=\"1778\"><strong data-start=\"1741\" data-end=\"1778\">Fournir et am\u00e9liorer nos services<\/strong><\/p>\n<\/li>\n<li data-start=\"1779\" data-end=\"1816\">\n<p data-start=\"1782\" data-end=\"1816\"><strong data-start=\"1782\" data-end=\"1816\">G\u00e9rer vos demandes et messages<\/strong><\/p>\n<\/li>\n<li data-start=\"1817\" data-end=\"1880\">\n<p data-start=\"1820\" data-end=\"1880\"><strong data-start=\"1820\" data-end=\"1880\">Vous envoyer des communications (newsletter, actualit\u00e9s)<\/strong><\/p>\n<\/li>\n<li data-start=\"1881\" data-end=\"1926\">\n<p data-start=\"1884\" data-end=\"1926\"><strong data-start=\"1884\" data-end=\"1926\">Mesurer et analyser l\u2019audience du site<\/strong><\/p>\n<\/li>\n<li data-start=\"1927\" data-end=\"1973\">\n<p data-start=\"1930\" data-end=\"1973\"><strong data-start=\"1930\" data-end=\"1973\">S\u00e9curiser le site et pr\u00e9venir la fraude<\/strong><\/p>\n<\/li>\n<\/ol>\n<hr data-start=\"1975\" data-end=\"1978\" \/>\n<h2 data-start=\"1980\" data-end=\"2015\"><strong data-start=\"1983\" data-end=\"2015\">4. Base l\u00e9gale du traitement<\/strong><\/h2>\n<p data-start=\"2017\" data-end=\"2091\">Nous traitons vos donn\u00e9es personnelles selon les bases l\u00e9gales suivantes :<\/p>\n<ul data-start=\"2093\" data-end=\"2465\">\n<li data-start=\"2093\" data-end=\"2186\">\n<p data-start=\"2095\" data-end=\"2186\"><strong data-start=\"2095\" data-end=\"2111\">Consentement<\/strong> : pour l\u2019envoi de newsletters ou l\u2019affichage de publicit\u00e9s personnalis\u00e9es.<\/p>\n<\/li>\n<li data-start=\"2187\" data-end=\"2299\">\n<p data-start=\"2189\" data-end=\"2299\"><strong data-start=\"2189\" data-end=\"2215\">Ex\u00e9cution d\u2019un contrat<\/strong> : quand vous utilisez un service n\u00e9cessitant des donn\u00e9es (ex : cr\u00e9ation de compte).<\/p>\n<\/li>\n<li data-start=\"2300\" data-end=\"2381\">\n<p data-start=\"2302\" data-end=\"2381\"><strong data-start=\"2302\" data-end=\"2322\">Int\u00e9r\u00eat l\u00e9gitime<\/strong> : am\u00e9lioration du site, s\u00e9curit\u00e9, statistiques d\u2019audience.<\/p>\n<\/li>\n<li data-start=\"2382\" data-end=\"2465\">\n<p data-start=\"2384\" data-end=\"2465\"><strong data-start=\"2384\" data-end=\"2405\">Obligation l\u00e9gale<\/strong> : conservation de documents \u00e0 des fins l\u00e9gales ou fiscales.<\/p>\n<\/li>\n<\/ul>\n<hr data-start=\"2467\" data-end=\"2470\" \/>\n<h2 data-start=\"2472\" data-end=\"2501\"><strong data-start=\"2475\" data-end=\"2501\">5. Cookies et traceurs<\/strong><\/h2>\n<p data-start=\"2503\" data-end=\"2536\">Nous utilisons des cookies pour :<\/p>\n<ul data-start=\"2538\" data-end=\"2649\">\n<li data-start=\"2538\" data-end=\"2582\">\n<p data-start=\"2540\" data-end=\"2582\">Mesurer l\u2019audience (ex : Google Analytics)<\/p>\n<\/li>\n<li data-start=\"2583\" data-end=\"2612\">\n<p data-start=\"2585\" data-end=\"2612\">Enregistrer vos pr\u00e9f\u00e9rences<\/p>\n<\/li>\n<li data-start=\"2613\" data-end=\"2649\">\n<p data-start=\"2615\" data-end=\"2649\">Am\u00e9liorer les performances du site<\/p>\n<\/li>\n<\/ul>\n<p data-start=\"2651\" data-end=\"2770\">Vous pouvez accepter ou refuser les cookies \u00e0 tout moment via la banni\u00e8re d\u00e9di\u00e9e ou les param\u00e8tres de votre navigateur.<\/p>\n<hr data-start=\"2772\" data-end=\"2775\" \/>\n<h2 data-start=\"2777\" data-end=\"2815\"><strong data-start=\"2780\" data-end=\"2815\">6. Destinataires de vos donn\u00e9es<\/strong><\/h2>\n<p data-start=\"2817\" data-end=\"2858\">Vos donn\u00e9es peuvent \u00eatre partag\u00e9es avec :<\/p>\n<ul data-start=\"2860\" data-end=\"2959\">\n<li data-start=\"2860\" data-end=\"2899\">\n<p data-start=\"2862\" data-end=\"2899\">Prestataires techniques et h\u00e9bergeurs<\/p>\n<\/li>\n<li data-start=\"2900\" data-end=\"2929\">\n<p data-start=\"2902\" data-end=\"2929\">Outils d\u2019analyse d\u2019audience<\/p>\n<\/li>\n<li data-start=\"2930\" data-end=\"2959\">\n<p data-start=\"2932\" data-end=\"2959\">Autorit\u00e9s l\u00e9gales si requis<\/p>\n<\/li>\n<\/ul>\n<p data-start=\"2961\" data-end=\"3036\">Nous ne vendons <strong data-start=\"2977\" data-end=\"2987\">jamais<\/strong> vos donn\u00e9es \u00e0 des tiers \u00e0 des fins commerciales.<\/p>\n<hr data-start=\"3038\" data-end=\"3041\" \/>\n<h2 data-start=\"3043\" data-end=\"3089\"><strong data-start=\"3046\" data-end=\"3089\">7. Transfert hors de l\u2019Union europ\u00e9enne<\/strong><\/h2>\n<p data-start=\"3091\" data-end=\"3355\">Dans certains cas, vos donn\u00e9es peuvent \u00eatre trait\u00e9es ou h\u00e9berg\u00e9es en dehors de l\u2019Union europ\u00e9enne (ex : services cloud ou partenaires). Dans ce cas, nous mettons en place des garanties appropri\u00e9es conformes au RGPD (ex : clauses types de la Commission europ\u00e9enne).<\/p>\n<hr data-start=\"3357\" data-end=\"3360\" \/>\n<h2 data-start=\"3362\" data-end=\"3405\"><strong data-start=\"3365\" data-end=\"3405\">8. Dur\u00e9e de conservation des donn\u00e9es<\/strong><\/h2>\n<ul data-start=\"3407\" data-end=\"3598\">\n<li data-start=\"3407\" data-end=\"3476\">\n<p data-start=\"3409\" data-end=\"3476\">Donn\u00e9es de contact et formulaires : <strong data-start=\"3445\" data-end=\"3454\">3 ans<\/strong> apr\u00e8s dernier contact<\/p>\n<\/li>\n<li data-start=\"3477\" data-end=\"3514\">\n<p data-start=\"3479\" data-end=\"3514\">Donn\u00e9es de navigation : <strong data-start=\"3503\" data-end=\"3514\">13 mois<\/strong><\/p>\n<\/li>\n<li data-start=\"3515\" data-end=\"3552\">\n<p data-start=\"3517\" data-end=\"3552\">Cookies publicitaires : <strong data-start=\"3541\" data-end=\"3552\">13 mois<\/strong><\/p>\n<\/li>\n<li data-start=\"3553\" data-end=\"3598\">\n<p data-start=\"3555\" data-end=\"3598\">Donn\u00e9es fiscales ou comptables : <strong data-start=\"3588\" data-end=\"3598\">10 ans<\/strong><\/p>\n<\/li>\n<\/ul>\n<hr data-start=\"3600\" data-end=\"3603\" \/>\n<h2 data-start=\"3605\" data-end=\"3635\"><strong data-start=\"3608\" data-end=\"3635\">9. S\u00e9curit\u00e9 des donn\u00e9es<\/strong><\/h2>\n<p data-start=\"3637\" data-end=\"3789\">Nous appliquons des mesures de s\u00e9curit\u00e9 techniques et organisationnelles pour prot\u00e9ger vos donn\u00e9es contre toute perte, alt\u00e9ration ou acc\u00e8s non autoris\u00e9.<\/p>\n<hr data-start=\"3791\" data-end=\"3794\" \/>\n<h2 data-start=\"3796\" data-end=\"3817\"><strong data-start=\"3799\" data-end=\"3817\">10. Vos droits<\/strong><\/h2>\n<p data-start=\"3819\" data-end=\"3876\">Conform\u00e9ment au RGPD, vous disposez des droits suivants :<\/p>\n<ul data-start=\"3878\" data-end=\"4194\">\n<li data-start=\"3878\" data-end=\"3893\">\n<p data-start=\"3880\" data-end=\"3893\">Droit d\u2019acc\u00e8s<\/p>\n<\/li>\n<li data-start=\"3894\" data-end=\"3918\">\n<p data-start=\"3896\" data-end=\"3918\">Droit de rectification<\/p>\n<\/li>\n<li data-start=\"3919\" data-end=\"3963\">\n<p data-start=\"3921\" data-end=\"3963\">Droit \u00e0 l\u2019effacement (\u00ab droit \u00e0 l\u2019oubli \u00bb)<\/p>\n<\/li>\n<li data-start=\"3964\" data-end=\"4001\">\n<p data-start=\"3966\" data-end=\"4001\">Droit \u00e0 la limitation du traitement<\/p>\n<\/li>\n<li data-start=\"4002\" data-end=\"4022\">\n<p data-start=\"4004\" data-end=\"4022\">Droit d\u2019opposition<\/p>\n<\/li>\n<li data-start=\"4023\" data-end=\"4047\">\n<p data-start=\"4025\" data-end=\"4047\">Droit \u00e0 la portabilit\u00e9<\/p>\n<\/li>\n<li data-start=\"4048\" data-end=\"4099\">\n<p data-start=\"4050\" data-end=\"4099\">Droit de retirer votre consentement \u00e0 tout moment<\/p>\n<\/li>\n<li data-start=\"4100\" data-end=\"4194\">\n<p data-start=\"4102\" data-end=\"4194\">Droit de d\u00e9poser une r\u00e9clamation aupr\u00e8s d\u2019une autorit\u00e9 de protection des donn\u00e9es (ex : CNIL)<\/p>\n<\/li>\n<\/ul>\n<p data-start=\"4196\" data-end=\"4270\">Pour exercer vos droits, contactez-nous \u00e0 :<br data-start=\"4239\" data-end=\"4242\" \/>\ud83d\udce7 <strong data-start=\"4245\" data-end=\"4270\">Email : <a href=\"mailto:contact@lahaut.net\"><span class=\"elementor-icon-list-text\">contact@lahaut.net<\/span><\/a><\/strong><\/p>\n<hr data-start=\"4272\" data-end=\"4275\" \/>\n<h2 data-start=\"4277\" data-end=\"4335\"><strong data-start=\"4280\" data-end=\"4335\">11. Modification de la politique de confidentialit\u00e9<\/strong><\/h2>\n<p data-start=\"4337\" data-end=\"4455\">Cette politique peut \u00eatre mise \u00e0 jour \u00e0 tout moment. La derni\u00e8re version est toujours disponible sur le Site et dat\u00e9e.<\/p>\n<hr data-start=\"4457\" data-end=\"4460\" \/>\n<h2 data-start=\"4462\" data-end=\"4480\"><strong data-start=\"4465\" data-end=\"4480\">12. Contact<\/strong><\/h2>\n<p data-start=\"4482\" data-end=\"4549\">Pour toute question relative \u00e0 cette politique de confidentialit\u00e9 :<\/p>\n<p data-start=\"4551\" data-end=\"4612\">\ud83d\udce7 <strong data-start=\"4554\" data-end=\"4579\">Email : <a href=\"mailto:contact@lahaut.net\"><span class=\"elementor-icon-list-text\">contact@lahaut.net<\/span><\/a><\/strong><br data-start=\"4579\" data-end=\"4582\" \/>\ud83d\udccd <strong data-start=\"4585\" data-end=\"4612\">Adresse : <a href=\"mailto:contact@lahaut.net\"><span class=\"elementor-icon-list-text\">contact@lahaut.net<\/span><\/a><\/strong><\/p>\t\t\t\t\t\t\t\t<\/div>\n\t\t\t\t\t<\/div>\n\t\t\t\t<\/div>\n\t\t\t\t<\/div>\n\t\t","protected":false},"excerpt":{"rendered":"<p>Politique de confidentialit\u00e9 Bienvenue sur https:\/\/lahaut.net (ci-apr\u00e8s \u00ab le Site \u00bb). La protection de votre vie priv\u00e9e et de vos donn\u00e9es personnelles est une priorit\u00e9 pour nous. Cette politique de confidentialit\u00e9 a pour objectif de vous informer de mani\u00e8re transparente sur la collecte, l\u2019utilisation, la conservation et les droits relatifs \u00e0 vos donn\u00e9es personnelles lors [&hellip;]<\/p>\n","protected":false},"author":1,"featured_media":0,"parent":0,"menu_order":0,"comment_status":"closed","ping_status":"closed","template":"elementor_header_footer","meta":{"footnotes":""},"class_list":["post-3","page","type-page","status-publish","hentry"],"_links":{"self":[{"href":"https:\/\/lahaut.net\/index.php\/wp-json\/wp\/v2\/pages\/3","targetHints":{"allow":["GET"]}}],"collection":[{"href":"https:\/\/lahaut.net\/index.php\/wp-json\/wp\/v2\/pages"}],"about":[{"href":"https:\/\/lahaut.net\/index.php\/wp-json\/wp\/v2\/types\/page"}],"author":[{"embeddable":true,"href":"https:\/\/lahaut.net\/index.php\/wp-json\/wp\/v2\/users\/1"}],"replies":[{"embeddable":true,"href":"https:\/\/lahaut.net\/index.php\/wp-json\/wp\/v2\/comments?post=3"}],"version-history":[{"count":7,"href":"https:\/\/lahaut.net\/index.php\/wp-json\/wp\/v2\/pages\/3\/revisions"}],"predecessor-version":[{"id":642,"href":"https:\/\/lahaut.net\/index.php\/wp-json\/wp\/v2\/pages\/3\/revisions\/642"}],"wp:attachment":[{"href":"https:\/\/lahaut.net\/index.php\/wp-json\/wp\/v2\/media?parent=3"}],"curies":[{"name":"wp","href":"https:\/\/api.w.org\/{rel}","templated":true}]}}