{"id":416,"date":"2025-11-27T15:53:31","date_gmt":"2025-11-27T15:53:31","guid":{"rendered":"https:\/\/lahaut.net\/?page_id=416"},"modified":"2025-12-12T09:46:49","modified_gmt":"2025-12-12T09:46:49","slug":"la-haut-co","status":"publish","type":"page","link":"https:\/\/lahaut.net\/index.php\/la-haut-co\/","title":{"rendered":"L\u00e0 Haut &amp; Co"},"content":{"rendered":"\t\t<div data-elementor-type=\"wp-page\" data-elementor-id=\"416\" class=\"elementor elementor-416\" data-elementor-post-type=\"page\">\n\t\t\t\t<div class=\"elementor-element elementor-element-79ca350d e-flex e-con-boxed e-con e-parent\" data-id=\"79ca350d\" data-element_type=\"container\">\n\t\t\t\t\t<div class=\"e-con-inner\">\n\t\t\t\t\t<\/div>\n\t\t\t\t<\/div>\n\t\t<div class=\"elementor-element elementor-element-1b805686 e-flex e-con-boxed e-con e-parent\" data-id=\"1b805686\" data-element_type=\"container\" data-settings=\"{&quot;background_background&quot;:&quot;classic&quot;,&quot;background_motion_fx_motion_fx_scrolling&quot;:&quot;yes&quot;,&quot;background_motion_fx_translateY_effect&quot;:&quot;yes&quot;,&quot;background_motion_fx_translateY_speed&quot;:{&quot;unit&quot;:&quot;px&quot;,&quot;size&quot;:1,&quot;sizes&quot;:[]},&quot;background_motion_fx_translateY_affectedRange&quot;:{&quot;unit&quot;:&quot;%&quot;,&quot;size&quot;:&quot;&quot;,&quot;sizes&quot;:{&quot;start&quot;:0,&quot;end&quot;:100}},&quot;background_motion_fx_devices&quot;:[&quot;desktop&quot;,&quot;tablet&quot;,&quot;mobile&quot;]}\">\n\t\t\t\t\t<div class=\"e-con-inner\">\n\t\t\t\t<div class=\"elementor-element elementor-element-67f4f873 elementor-invisible elementor-widget elementor-widget-heading\" data-id=\"67f4f873\" data-element_type=\"widget\" data-settings=\"{&quot;_animation&quot;:&quot;fadeInUp&quot;}\" data-widget_type=\"heading.default\">\n\t\t\t\t\t<h1 class=\"elementor-heading-title elementor-size-default\">L'univers L\u00e0 Haut &amp; Co\n<\/h1>\t\t\t\t<\/div>\n\t\t\t\t<div class=\"elementor-element elementor-element-1bed851 elementor-widget__width-auto elementor-invisible elementor-widget elementor-widget-heading\" data-id=\"1bed851\" data-element_type=\"widget\" data-settings=\"{&quot;_animation&quot;:&quot;fadeIn&quot;,&quot;_animation_delay&quot;:300}\" data-widget_type=\"heading.default\">\n\t\t\t\t\t<h6 class=\"elementor-heading-title elementor-size-default\">hospitalit\u00e9 de montagne<\/h6>\t\t\t\t<\/div>\n\t\t\t\t<div class=\"elementor-element elementor-element-856a26f elementor-widget elementor-widget-text-editor\" data-id=\"856a26f\" data-element_type=\"widget\" data-widget_type=\"text-editor.default\">\n\t\t\t\t\t\t\t\t\t<p data-start=\"642\" data-end=\"847\"><strong>Nous orientons nos 4 marques<\/strong> pour une <strong>montagne en transition<\/strong><\/p>\t\t\t\t\t\t\t\t<\/div>\n\t\t\t\t\t<\/div>\n\t\t\t\t<\/div>\n\t\t<div class=\"elementor-element elementor-element-7a861dc e-flex e-con-boxed e-con e-parent\" data-id=\"7a861dc\" data-element_type=\"container\">\n\t\t\t\t\t<div class=\"e-con-inner\">\n\t\t<div class=\"elementor-element elementor-element-e27247a e-con-full e-flex e-con e-child\" data-id=\"e27247a\" data-element_type=\"container\">\n\t\t\t\t<div class=\"elementor-element elementor-element-3d24edc elementor-widget elementor-widget-image\" data-id=\"3d24edc\" data-element_type=\"widget\" data-widget_type=\"image.default\">\n\t\t\t\t\t\t\t\t\t\t\t\t\t\t\t<img decoding=\"async\" width=\"300\" height=\"163\" src=\"https:\/\/lahaut.net\/wp-content\/uploads\/2025\/11\/logo-BLK-1-2-300x163.png\" class=\"attachment-medium size-medium wp-image-430\" alt=\"\" srcset=\"https:\/\/lahaut.net\/wp-content\/uploads\/2025\/11\/logo-BLK-1-2-300x163.png 300w, https:\/\/lahaut.net\/wp-content\/uploads\/2025\/11\/logo-BLK-1-2.png 313w\" sizes=\"(max-width: 300px) 100vw, 300px\" \/>\t\t\t\t\t\t\t\t\t\t\t\t\t\t\t<\/div>\n\t\t\t\t<\/div>\n\t\t<div class=\"elementor-element elementor-element-0dd0312 e-con-full e-flex e-con e-child\" data-id=\"0dd0312\" data-element_type=\"container\">\n\t\t\t\t<div class=\"elementor-element elementor-element-400e789 elementor-widget elementor-widget-image\" data-id=\"400e789\" data-element_type=\"widget\" data-widget_type=\"image.default\">\n\t\t\t\t\t\t\t\t\t\t\t\t\t\t\t<img fetchpriority=\"high\" decoding=\"async\" width=\"768\" height=\"768\" src=\"https:\/\/lahaut.net\/wp-content\/uploads\/2025\/11\/298824219_501873438605468_6842434772987593650_n-768x768.png\" class=\"attachment-medium_large size-medium_large wp-image-429\" alt=\"\" srcset=\"https:\/\/lahaut.net\/wp-content\/uploads\/2025\/11\/298824219_501873438605468_6842434772987593650_n-768x768.png 768w, https:\/\/lahaut.net\/wp-content\/uploads\/2025\/11\/298824219_501873438605468_6842434772987593650_n-300x300.png 300w, https:\/\/lahaut.net\/wp-content\/uploads\/2025\/11\/298824219_501873438605468_6842434772987593650_n-1024x1024.png 1024w, https:\/\/lahaut.net\/wp-content\/uploads\/2025\/11\/298824219_501873438605468_6842434772987593650_n-150x150.png 150w, https:\/\/lahaut.net\/wp-content\/uploads\/2025\/11\/298824219_501873438605468_6842434772987593650_n-1536x1536.png 1536w, https:\/\/lahaut.net\/wp-content\/uploads\/2025\/11\/298824219_501873438605468_6842434772987593650_n.png 1666w\" sizes=\"(max-width: 768px) 100vw, 768px\" \/>\t\t\t\t\t\t\t\t\t\t\t\t\t\t\t<\/div>\n\t\t\t\t<\/div>\n\t\t<div class=\"elementor-element elementor-element-e880b20 e-con-full e-flex e-con e-child\" data-id=\"e880b20\" data-element_type=\"container\">\n\t\t\t\t<div class=\"elementor-element elementor-element-7fa2d6d elementor-widget elementor-widget-image\" data-id=\"7fa2d6d\" data-element_type=\"widget\" data-widget_type=\"image.default\">\n\t\t\t\t\t\t\t\t\t\t\t\t\t\t\t<img decoding=\"async\" width=\"481\" height=\"506\" src=\"https:\/\/lahaut.net\/wp-content\/uploads\/2025\/11\/logo-ultima-black-Praz.png\" class=\"attachment-medium_large size-medium_large wp-image-427\" alt=\"\" srcset=\"https:\/\/lahaut.net\/wp-content\/uploads\/2025\/11\/logo-ultima-black-Praz.png 481w, https:\/\/lahaut.net\/wp-content\/uploads\/2025\/11\/logo-ultima-black-Praz-285x300.png 285w\" sizes=\"(max-width: 481px) 100vw, 481px\" \/>\t\t\t\t\t\t\t\t\t\t\t\t\t\t\t<\/div>\n\t\t\t\t<\/div>\n\t\t<div class=\"elementor-element elementor-element-fe0f1e3 e-con-full e-flex e-con e-child\" data-id=\"fe0f1e3\" data-element_type=\"container\">\n\t\t\t\t<div class=\"elementor-element elementor-element-a4c5ccb elementor-widget elementor-widget-image\" data-id=\"a4c5ccb\" data-element_type=\"widget\" data-widget_type=\"image.default\">\n\t\t\t\t\t\t\t\t\t\t\t\t\t\t\t<img loading=\"lazy\" decoding=\"async\" width=\"704\" height=\"337\" src=\"https:\/\/lahaut.net\/wp-content\/uploads\/2025\/12\/azologoquadri.png\" class=\"attachment-large size-large wp-image-584\" alt=\"\" srcset=\"https:\/\/lahaut.net\/wp-content\/uploads\/2025\/12\/azologoquadri.png 704w, https:\/\/lahaut.net\/wp-content\/uploads\/2025\/12\/azologoquadri-300x144.png 300w\" sizes=\"(max-width: 704px) 100vw, 704px\" \/>\t\t\t\t\t\t\t\t\t\t\t\t\t\t\t<\/div>\n\t\t\t\t<\/div>\n\t\t\t\t\t<\/div>\n\t\t\t\t<\/div>\n\t\t<div class=\"elementor-element elementor-element-f9c667e e-flex e-con-boxed e-con e-parent\" data-id=\"f9c667e\" data-element_type=\"container\">\n\t\t\t\t\t<div class=\"e-con-inner\">\n\t\t<div class=\"elementor-element elementor-element-74a2157 e-con-full e-flex e-con e-child\" data-id=\"74a2157\" data-element_type=\"container\">\n\t\t\t\t<div class=\"elementor-element elementor-element-4e0c9d4e elementor-cta--skin-cover elementor-cta--valign-middle elementor-widget__width-initial elementor-widget-mobile__width-inherit elementor-animated-content elementor-bg-transform elementor-bg-transform-zoom-in elementor-widget elementor-widget-call-to-action\" data-id=\"4e0c9d4e\" data-element_type=\"widget\" data-widget_type=\"call-to-action.default\">\n\t\t\t\t\t\t\t<div class=\"elementor-cta\">\n\t\t\t\t\t<div class=\"elementor-cta__bg-wrapper\">\n\t\t\t\t<div class=\"elementor-cta__bg elementor-bg\" style=\"background-image: url(https:\/\/lahaut.net\/wp-content\/uploads\/2025\/11\/476793209_1215514170095022_5997714717039289322_n.jpg);\" role=\"img\" aria-label=\"476793209_1215514170095022_5997714717039289322_n\"><\/div>\n\t\t\t\t<div class=\"elementor-cta__bg-overlay\"><\/div>\n\t\t\t<\/div>\n\t\t\t\t\t\t\t<div class=\"elementor-cta__content\">\n\t\t\t\t\n\t\t\t\t\t\t\t\t\t<h5 class=\"elementor-cta__title elementor-cta__content-item elementor-content-item elementor-animated-item--enter-zoom-in\">\n\t\t\t\t\t\tl\u00e0-haut\t\t\t\t\t<\/h5>\n\t\t\t\t\n\t\t\t\t\n\t\t\t\t\t\t\t<\/div>\n\t\t\t\t\t\t<\/div>\n\t\t\t\t\t\t<\/div>\n\t\t\t\t<\/div>\n\t\t<div class=\"elementor-element elementor-element-9d79662 e-con-full e-flex e-con e-child\" data-id=\"9d79662\" data-element_type=\"container\">\n\t\t\t\t<div class=\"elementor-element elementor-element-6d7085b6 elementor-cta--skin-cover elementor-cta--valign-middle elementor-widget__width-initial elementor-widget-mobile__width-inherit elementor-animated-content elementor-bg-transform elementor-bg-transform-zoom-in elementor-widget elementor-widget-call-to-action\" data-id=\"6d7085b6\" data-element_type=\"widget\" data-widget_type=\"call-to-action.default\">\n\t\t\t\t\t\t\t<a class=\"elementor-cta\" href=\"https:\/\/www.sheltersexperience.com\/\" target=\"_blank\">\n\t\t\t\t\t<div class=\"elementor-cta__bg-wrapper\">\n\t\t\t\t<div class=\"elementor-cta__bg elementor-bg\" style=\"background-image: url(https:\/\/lahaut.net\/wp-content\/uploads\/2025\/11\/557435589_18079394048007171_6067294145815958641_n.jpg);\" role=\"img\" aria-label=\"557435589_18079394048007171_6067294145815958641_n\"><\/div>\n\t\t\t\t<div class=\"elementor-cta__bg-overlay\"><\/div>\n\t\t\t<\/div>\n\t\t\t\t\t\t\t<div class=\"elementor-cta__content\">\n\t\t\t\t\n\t\t\t\t\t\t\t\t\t<h5 class=\"elementor-cta__title elementor-cta__content-item elementor-content-item elementor-animated-item--enter-zoom-in\">\n\t\t\t\t\t\tshelters experience\t\t\t\t\t<\/h5>\n\t\t\t\t\n\t\t\t\t\n\t\t\t\t\t\t\t\t\t<div class=\"elementor-cta__button-wrapper elementor-cta__content-item elementor-content-item elementor-animated-item--enter-zoom-in\">\n\t\t\t\t\t<span class=\"elementor-cta__button elementor-button elementor-size-\">\n\t\t\t\t\t\t+\t\t\t\t\t<\/span>\n\t\t\t\t\t<\/div>\n\t\t\t\t\t\t\t<\/div>\n\t\t\t\t\t\t<\/a>\n\t\t\t\t\t\t<\/div>\n\t\t\t\t<\/div>\n\t\t<div class=\"elementor-element elementor-element-54e80d7 e-con-full e-flex e-con e-child\" data-id=\"54e80d7\" data-element_type=\"container\">\n\t\t\t\t<div class=\"elementor-element elementor-element-68737914 elementor-cta--skin-cover elementor-cta--valign-middle elementor-widget__width-initial elementor-widget-mobile__width-inherit elementor-animated-content elementor-bg-transform elementor-bg-transform-zoom-in elementor-widget elementor-widget-call-to-action\" data-id=\"68737914\" data-element_type=\"widget\" data-widget_type=\"call-to-action.default\">\n\t\t\t\t\t\t\t<a class=\"elementor-cta\" href=\"https:\/\/www.la-ultima-cafe-boutique.com\/\" target=\"_blank\">\n\t\t\t\t\t<div class=\"elementor-cta__bg-wrapper\">\n\t\t\t\t<div class=\"elementor-cta__bg elementor-bg\" style=\"background-image: url(https:\/\/lahaut.net\/wp-content\/uploads\/2025\/11\/87_Bread_Bakery-HomePage-ContactSection-Img_1.jpg);\" role=\"img\" aria-label=\"87_Bread_Bakery-HomePage-ContactSection-Img_1.jpg\"><\/div>\n\t\t\t\t<div class=\"elementor-cta__bg-overlay\"><\/div>\n\t\t\t<\/div>\n\t\t\t\t\t\t\t<div class=\"elementor-cta__content\">\n\t\t\t\t\n\t\t\t\t\t\t\t\t\t<h5 class=\"elementor-cta__title elementor-cta__content-item elementor-content-item elementor-animated-item--enter-zoom-in\">\n\t\t\t\t\t\tla ultima\t\t\t\t\t<\/h5>\n\t\t\t\t\n\t\t\t\t\n\t\t\t\t\t\t\t\t\t<div class=\"elementor-cta__button-wrapper elementor-cta__content-item elementor-content-item elementor-animated-item--enter-zoom-in\">\n\t\t\t\t\t<span class=\"elementor-cta__button elementor-button elementor-size-\">\n\t\t\t\t\t\t+\t\t\t\t\t<\/span>\n\t\t\t\t\t<\/div>\n\t\t\t\t\t\t\t<\/div>\n\t\t\t\t\t\t<\/a>\n\t\t\t\t\t\t<\/div>\n\t\t\t\t<\/div>\n\t\t<div class=\"elementor-element elementor-element-5de6f72 e-con-full e-flex e-con e-child\" data-id=\"5de6f72\" data-element_type=\"container\">\n\t\t\t\t<div class=\"elementor-element elementor-element-92061f8 elementor-cta--skin-cover elementor-cta--valign-middle elementor-widget__width-initial elementor-widget-mobile__width-inherit elementor-animated-content elementor-bg-transform elementor-bg-transform-zoom-in elementor-widget elementor-widget-call-to-action\" data-id=\"92061f8\" data-element_type=\"widget\" data-widget_type=\"call-to-action.default\">\n\t\t\t\t\t\t\t<a class=\"elementor-cta\" href=\"https:\/\/www.azo.net\/\" target=\"_blank\">\n\t\t\t\t\t<div class=\"elementor-cta__bg-wrapper\">\n\t\t\t\t<div class=\"elementor-cta__bg elementor-bg\" style=\"background-image: url(https:\/\/lahaut.net\/wp-content\/uploads\/2025\/12\/nexus-site-azo-2.jpg);\" role=\"img\" aria-label=\"nexus-site-azo-2\"><\/div>\n\t\t\t\t<div class=\"elementor-cta__bg-overlay\"><\/div>\n\t\t\t<\/div>\n\t\t\t\t\t\t\t<div class=\"elementor-cta__content\">\n\t\t\t\t\n\t\t\t\t\t\t\t\t\t<h5 class=\"elementor-cta__title elementor-cta__content-item elementor-content-item elementor-animated-item--enter-zoom-in\">\n\t\t\t\t\t\tAzo l'\u00e9v\u00e8nement \t\t\t\t\t<\/h5>\n\t\t\t\t\n\t\t\t\t\n\t\t\t\t\t\t\t\t\t<div class=\"elementor-cta__button-wrapper elementor-cta__content-item elementor-content-item elementor-animated-item--enter-zoom-in\">\n\t\t\t\t\t<span class=\"elementor-cta__button elementor-button elementor-size-\">\n\t\t\t\t\t\t+\t\t\t\t\t<\/span>\n\t\t\t\t\t<\/div>\n\t\t\t\t\t\t\t<\/div>\n\t\t\t\t\t\t<\/a>\n\t\t\t\t\t\t<\/div>\n\t\t\t\t<\/div>\n\t\t\t\t\t<\/div>\n\t\t\t\t<\/div>\n\t\t<div class=\"elementor-element elementor-element-cefefed e-flex e-con-boxed e-con e-parent\" data-id=\"cefefed\" data-element_type=\"container\">\n\t\t\t\t\t<div class=\"e-con-inner\">\n\t\t\t\t<div class=\"elementor-element elementor-element-d06ed4d elementor-widget elementor-widget-spacer\" data-id=\"d06ed4d\" data-element_type=\"widget\" data-widget_type=\"spacer.default\">\n\t\t\t\t\t\t\t<div class=\"elementor-spacer\">\n\t\t\t<div class=\"elementor-spacer-inner\"><\/div>\n\t\t<\/div>\n\t\t\t\t\t\t<\/div>\n\t\t\t\t<div class=\"elementor-element elementor-element-0a84b47 elementor-widget elementor-widget-text-editor\" data-id=\"0a84b47\" data-element_type=\"widget\" data-widget_type=\"text-editor.default\">\n\t\t\t\t\t\t\t\t\t<p class=\"p1\">Pour nous, la montagne n\u2019est pas un d\u00e9cor, c\u2019est un lieu de vie.<br \/>Un espace \u00e0 partager, \u00e0 ressentir, \u00e0 respecter.<\/p><p class=\"p1\">Depuis\u00a0<b>le Val d\u2019Arly<\/b>, chez\u00a0<b>La Ultima<\/b>, nich\u00e9e\u00a0<b>place de l\u2019\u00e9glise du village de Praz-sur-Arly<\/b>,<br \/>on s\u2019arr\u00eate pour un caf\u00e9 d\u2019exception, un sourire, une rencontre.<br \/>C\u2019est un lieu convivial, vivant, o\u00f9 habitants, randonneurs et cyclistes se retrouvent autour d\u2019un caf\u00e9,<br \/>pour \u00e9changer, rire, refaire le monde ou simplement profiter du moment.<\/p><p class=\"p1\">De l\u00e0, le chemin monte jusqu\u2019\u00e0 <b>la Sambuy<\/b>, au\u00a0<b>Refuge L\u00e0 Haut<\/b>, perch\u00e9 \u00e0 1830 m\u00e8tres, o\u00f9 l\u2019on partage un repas, un panorama, une histoire\u2026 et jusque dans nos\u00a0<b>Shelters Exp\u00e9rience<\/b>, ces h\u00e9bergements insolites h\u00e9rit\u00e9s d\u2019exp\u00e9ditions polaires, nich\u00e9s au c\u0153ur du paysage, o\u00f9 chaque nuit devient une immersion. Sous les \u00e9toiles, dans le silence face aux Alpes, on red\u00e9couvre le luxe essentiel : celui d\u2019\u00eatre l\u00e0, ensemble, au sommet du monde.<\/p><p class=\"p1\">Quatre portes d\u2019entr\u00e9e entre 1000 &amp; 1830 m\u00e8tres d\u2019altitude, une seule \u00e2me : celle de <span class=\"s2\"><b>l\u2019hospitalit\u00e9 de montagne<\/b><\/span>.<\/p><p class=\"p1\">Une hospitalit\u00e9 sinc\u00e8re, faite de gestes simples et d\u2019attention aux autres.<br \/>Celle qui r\u00e9chauffe apr\u00e8s l\u2019effort, qui relie les gens d\u2019ici et d\u2019ailleurs et qui redonne \u00e0 la montagne sa vocation premi\u00e8re :\u00a0<b>rassembler<\/b>.<\/p><p class=\"p1\"><b>L\u00e0 Haut &amp; Co<\/b>, c\u2019est une alliance.<br \/>Entre vall\u00e9e et sommet, entre refuge et shelter, entre caf\u00e9 et horizon \u2014 mais surtout une m\u00eame envie : offrir une alternative pour une montagne en mutation. Une montagne qui s\u2019invente quatre saisons, o\u00f9 l\u2019on vient autant pour p\u00e9daler, marcher, cr\u00e9er, que pour se poser, \u00e9changer, contempler.&lt;br&gt;<\/p><p class=\"p1\"><strong>Ici, on prend le temps.<\/strong><br \/><strong>De boire un bon caf\u00e9.<\/strong><br \/><strong>De respirer.<\/strong><br \/><strong>De rencontrer.<\/strong><\/p><p class=\"p1\">Mais aussi, de\u00a0<b>vivre des moments uniques<\/b>. Car\u00a0<b>L\u00e0 Haut &amp; Co<\/b>, c\u2019est aussi un\u00a0<b>espace d\u2019exp\u00e9riences et d\u2019\u00e9v\u00e9nements<\/b> :<\/p><p class=\"p1\">Des rendez-vous culturels, festifs ou professionnels, imagin\u00e9s pour relier les gens et c\u00e9l\u00e9brer la montagne autrement.<\/p><p class=\"p1\">Ces lieux et ces exp\u00e9riences sont\u00a0<b>imagin\u00e9s et port\u00e9s<\/b> par la famille\u00a0<b>Azzolini<\/b>,\u00a0<b>Marc le papa, fondateur de AZO<\/b> et ancien pilote de rallye et<br \/><b style=\"font-family: -apple-system, BlinkMacSystemFont, 'Segoe UI', Roboto, 'Helvetica Neue', Arial, 'Noto Sans', sans-serif, 'Apple Color Emoji', 'Segoe UI Emoji', 'Segoe UI Symbol', 'Noto Color Emoji';\">Lise Leromain<\/b><span style=\"font-family: -apple-system, BlinkMacSystemFont, 'Segoe UI', Roboto, 'Helvetica Neue', Arial, 'Noto Sans', sans-serif, 'Apple Color Emoji', 'Segoe UI Emoji', 'Segoe UI Symbol', 'Noto Color Emoji';\">, ancienne skieuse et cycliste de haut niveau\u00a0\u2014<\/span><\/p><p class=\"p1\">deux g\u00e9n\u00e9rations diff\u00e9rentes, mais un m\u00eame attachement \u00e0 la montagne, aux valeurs d\u2019effort, de partage et de libert\u00e9.<br \/>Leur regard crois\u00e9 fa\u00e7onne une hospitalit\u00e9 vivante, o\u00f9 la passion du sport rencontre celle des rencontres humaines.<\/p>\t\t\t\t\t\t\t\t<\/div>\n\t\t\t\t\t<\/div>\n\t\t\t\t<\/div>\n\t\t\t\t<\/div>\n\t\t","protected":false},"excerpt":{"rendered":"<p>L&rsquo;univers L\u00e0 Haut &amp; Co hospitalit\u00e9 de montagne Nous orientons nos 4 marques pour une montagne en transition l\u00e0-haut shelters experience + la ultima + Azo l&rsquo;\u00e9v\u00e8nement + Pour nous, la montagne n\u2019est pas un d\u00e9cor, c\u2019est un lieu de vie.Un espace \u00e0 partager, \u00e0 ressentir, \u00e0 respecter. Depuis\u00a0le Val d\u2019Arly, chez\u00a0La Ultima, nich\u00e9e\u00a0place de [&hellip;]<\/p>\n","protected":false},"author":1,"featured_media":0,"parent":0,"menu_order":0,"comment_status":"closed","ping_status":"closed","template":"elementor_header_footer","meta":{"footnotes":""},"class_list":["post-416","page","type-page","status-publish","hentry"],"_links":{"self":[{"href":"https:\/\/lahaut.net\/index.php\/wp-json\/wp\/v2\/pages\/416","targetHints":{"allow":["GET"]}}],"collection":[{"href":"https:\/\/lahaut.net\/index.php\/wp-json\/wp\/v2\/pages"}],"about":[{"href":"https:\/\/lahaut.net\/index.php\/wp-json\/wp\/v2\/types\/page"}],"author":[{"embeddable":true,"href":"https:\/\/lahaut.net\/index.php\/wp-json\/wp\/v2\/users\/1"}],"replies":[{"embeddable":true,"href":"https:\/\/lahaut.net\/index.php\/wp-json\/wp\/v2\/comments?post=416"}],"version-history":[{"count":94,"href":"https:\/\/lahaut.net\/index.php\/wp-json\/wp\/v2\/pages\/416\/revisions"}],"predecessor-version":[{"id":659,"href":"https:\/\/lahaut.net\/index.php\/wp-json\/wp\/v2\/pages\/416\/revisions\/659"}],"wp:attachment":[{"href":"https:\/\/lahaut.net\/index.php\/wp-json\/wp\/v2\/media?parent=416"}],"curies":[{"name":"wp","href":"https:\/\/api.w.org\/{rel}","templated":true}]}}