{"id":63,"date":"2025-11-21T15:30:17","date_gmt":"2025-11-21T15:30:17","guid":{"rendered":"https:\/\/lahaut.net\/index.php\/our-story\/"},"modified":"2025-12-08T19:31:33","modified_gmt":"2025-12-08T19:31:33","slug":"le-refuge","status":"publish","type":"page","link":"https:\/\/lahaut.net\/index.php\/le-refuge\/","title":{"rendered":"Le refuge"},"content":{"rendered":"\t\t<div data-elementor-type=\"wp-page\" data-elementor-id=\"63\" class=\"elementor elementor-63\" data-elementor-post-type=\"page\">\n\t\t\t\t<div class=\"elementor-element elementor-element-3c75c90 e-con-full e-flex e-con e-parent\" data-id=\"3c75c90\" data-element_type=\"container\">\n\t\t<div class=\"elementor-element elementor-element-40cc1048 e-con-full e-flex elementor-invisible e-con e-child\" data-id=\"40cc1048\" data-element_type=\"container\" data-settings=\"{&quot;background_background&quot;:&quot;classic&quot;,&quot;animation&quot;:&quot;slideInLeft&quot;}\">\n\t\t\t\t<\/div>\n\t\t<div class=\"elementor-element elementor-element-7fc80127 e-con-full e-flex e-con e-child\" data-id=\"7fc80127\" data-element_type=\"container\">\n\t\t<div class=\"elementor-element elementor-element-6eddea4 e-flex e-con-boxed e-con e-child\" data-id=\"6eddea4\" data-element_type=\"container\">\n\t\t\t\t\t<div class=\"e-con-inner\">\n\t\t\t\t<div class=\"elementor-element elementor-element-3fb4b5e5 animated-slow elementor-invisible elementor-widget elementor-widget-heading\" data-id=\"3fb4b5e5\" data-element_type=\"widget\" data-settings=\"{&quot;_animation&quot;:&quot;fadeInLeft&quot;,&quot;_animation_delay&quot;:600}\" data-widget_type=\"heading.default\">\n\t\t\t\t\t<h1 class=\"elementor-heading-title elementor-size-default\">Un lieu, des espaces \u00e0 vivre<\/h1>\t\t\t\t<\/div>\n\t\t\t\t\t<\/div>\n\t\t\t\t<\/div>\n\t\t<div class=\"elementor-element elementor-element-5002bf91 e-flex e-con-boxed elementor-invisible e-con e-child\" data-id=\"5002bf91\" data-element_type=\"container\" data-settings=\"{&quot;motion_fx_motion_fx_scrolling&quot;:&quot;yes&quot;,&quot;motion_fx_translateY_effect&quot;:&quot;yes&quot;,&quot;motion_fx_translateY_speed&quot;:{&quot;unit&quot;:&quot;px&quot;,&quot;size&quot;:2,&quot;sizes&quot;:[]},&quot;animation&quot;:&quot;fadeIn&quot;,&quot;animation_delay&quot;:2000,&quot;motion_fx_translateY_affectedRange&quot;:{&quot;unit&quot;:&quot;%&quot;,&quot;size&quot;:&quot;&quot;,&quot;sizes&quot;:{&quot;start&quot;:0,&quot;end&quot;:100}},&quot;motion_fx_devices&quot;:[&quot;desktop&quot;,&quot;tablet&quot;,&quot;mobile&quot;]}\">\n\t\t\t\t\t<div class=\"e-con-inner\">\n\t\t\t\t<div class=\"elementor-element elementor-element-2f6e65e4 elementor-widget-mobile__width-initial animated-slow elementor-widget elementor-widget-image\" data-id=\"2f6e65e4\" data-element_type=\"widget\" data-settings=\"{&quot;motion_fx_motion_fx_scrolling&quot;:&quot;yes&quot;,&quot;motion_fx_translateY_effect&quot;:&quot;yes&quot;,&quot;motion_fx_translateY_direction&quot;:&quot;negative&quot;,&quot;motion_fx_translateY_speed&quot;:{&quot;unit&quot;:&quot;px&quot;,&quot;size&quot;:1.5,&quot;sizes&quot;:[]},&quot;_animation&quot;:&quot;none&quot;,&quot;motion_fx_translateY_affectedRange&quot;:{&quot;unit&quot;:&quot;%&quot;,&quot;size&quot;:&quot;&quot;,&quot;sizes&quot;:{&quot;start&quot;:0,&quot;end&quot;:100}},&quot;motion_fx_devices&quot;:[&quot;desktop&quot;,&quot;tablet&quot;,&quot;mobile&quot;]}\" data-widget_type=\"image.default\">\n\t\t\t\t\t\t\t\t\t\t\t\t\t\t\t<img fetchpriority=\"high\" decoding=\"async\" width=\"1440\" height=\"1800\" src=\"https:\/\/lahaut.net\/wp-content\/uploads\/2025\/11\/483929400_9190630064326193_9149670691633449424_n.jpg\" class=\"attachment-full size-full wp-image-156\" alt=\"\" srcset=\"https:\/\/lahaut.net\/wp-content\/uploads\/2025\/11\/483929400_9190630064326193_9149670691633449424_n.jpg 1440w, https:\/\/lahaut.net\/wp-content\/uploads\/2025\/11\/483929400_9190630064326193_9149670691633449424_n-240x300.jpg 240w, https:\/\/lahaut.net\/wp-content\/uploads\/2025\/11\/483929400_9190630064326193_9149670691633449424_n-819x1024.jpg 819w, https:\/\/lahaut.net\/wp-content\/uploads\/2025\/11\/483929400_9190630064326193_9149670691633449424_n-768x960.jpg 768w, https:\/\/lahaut.net\/wp-content\/uploads\/2025\/11\/483929400_9190630064326193_9149670691633449424_n-1229x1536.jpg 1229w\" sizes=\"(max-width: 1440px) 100vw, 1440px\" \/>\t\t\t\t\t\t\t\t\t\t\t\t\t\t\t<\/div>\n\t\t\t\t<div class=\"elementor-element elementor-element-72d235d9 animated-slow elementor-widget-mobile__width-initial elementor-widget elementor-widget-image\" data-id=\"72d235d9\" data-element_type=\"widget\" data-settings=\"{&quot;_animation&quot;:&quot;none&quot;,&quot;motion_fx_motion_fx_scrolling&quot;:&quot;yes&quot;,&quot;motion_fx_translateY_effect&quot;:&quot;yes&quot;,&quot;motion_fx_translateY_speed&quot;:{&quot;unit&quot;:&quot;px&quot;,&quot;size&quot;:1,&quot;sizes&quot;:[]},&quot;motion_fx_translateY_affectedRange&quot;:{&quot;unit&quot;:&quot;%&quot;,&quot;size&quot;:&quot;&quot;,&quot;sizes&quot;:{&quot;start&quot;:0,&quot;end&quot;:100}},&quot;motion_fx_devices&quot;:[&quot;desktop&quot;,&quot;tablet&quot;,&quot;mobile&quot;]}\" data-widget_type=\"image.default\">\n\t\t\t\t\t\t\t\t\t\t\t\t\t\t\t<img decoding=\"async\" width=\"1440\" height=\"1440\" src=\"https:\/\/lahaut.net\/wp-content\/uploads\/2025\/11\/555490225_18420448297107114_57307069047969025_n.jpg\" class=\"attachment-full size-full wp-image-217\" alt=\"\" srcset=\"https:\/\/lahaut.net\/wp-content\/uploads\/2025\/11\/555490225_18420448297107114_57307069047969025_n.jpg 1440w, https:\/\/lahaut.net\/wp-content\/uploads\/2025\/11\/555490225_18420448297107114_57307069047969025_n-300x300.jpg 300w, https:\/\/lahaut.net\/wp-content\/uploads\/2025\/11\/555490225_18420448297107114_57307069047969025_n-1024x1024.jpg 1024w, https:\/\/lahaut.net\/wp-content\/uploads\/2025\/11\/555490225_18420448297107114_57307069047969025_n-150x150.jpg 150w, https:\/\/lahaut.net\/wp-content\/uploads\/2025\/11\/555490225_18420448297107114_57307069047969025_n-768x768.jpg 768w\" sizes=\"(max-width: 1440px) 100vw, 1440px\" \/>\t\t\t\t\t\t\t\t\t\t\t\t\t\t\t<\/div>\n\t\t\t\t\t<\/div>\n\t\t\t\t<\/div>\n\t\t\t\t<\/div>\n\t\t\t\t<\/div>\n\t\t<div class=\"elementor-element elementor-element-717e5691 e-flex e-con-boxed e-con e-parent\" data-id=\"717e5691\" data-element_type=\"container\">\n\t\t\t\t\t<div class=\"e-con-inner\">\n\t\t<div class=\"elementor-element elementor-element-83a5007 e-con-full e-flex e-con e-child\" data-id=\"83a5007\" data-element_type=\"container\">\n\t\t<div class=\"elementor-element elementor-element-1c5a7bc2 e-con-full e-flex e-con e-child\" data-id=\"1c5a7bc2\" data-element_type=\"container\">\n\t\t\t\t<div class=\"elementor-element elementor-element-95e6e97 elementor-invisible elementor-widget elementor-widget-heading\" data-id=\"95e6e97\" data-element_type=\"widget\" data-settings=\"{&quot;_animation&quot;:&quot;fadeIn&quot;,&quot;_animation_delay&quot;:200}\" data-widget_type=\"heading.default\">\n\t\t\t\t\t<h2 class=\"elementor-heading-title elementor-size-default\">L\u00e0-Haut : explorer, contempler, savourer, respirer<\/h2>\t\t\t\t<\/div>\n\t\t\t\t<div class=\"elementor-element elementor-element-6ee7544 elementor-widget elementor-widget-text-editor\" data-id=\"6ee7544\" data-element_type=\"widget\" data-widget_type=\"text-editor.default\">\n\t\t\t\t\t\t\t\t\t<p class=\"p1\">Une exp\u00e9rience \u00e0 vivre.<span class=\"s1\"><br \/><\/span>Ici, on respire. Vous venez pour faire une pause, marcher, admirer la vue, partager un repas ou juste quelques mots. On suit le moment, sans horaires, sans pression. Chaque jour a sa propre vibe.<\/p><p class=\"p1\">La cuisine est locale, simple et bonne. Les nuits se passent dans des lieux chaleureux, authentiques, avec la montagne en toile de fond. Terrasses ouvertes, espaces communs confortables : on discute, on lit, on chill, on existe.<span class=\"s1\"><br \/><\/span>Et quand le froid arrive, on file dans le bain nordique chauff\u00e9 au feu de bois ou dans le sauna panoramique. On regarde le paysage, et on laisse la nature faire le reste.<\/p>\t\t\t\t\t\t\t\t<\/div>\n\t\t\t\t<div class=\"elementor-element elementor-element-7dfb0e25 elementor-widget elementor-widget-heading\" data-id=\"7dfb0e25\" data-element_type=\"widget\" data-widget_type=\"heading.default\">\n\t\t\t\t\t<h6 class=\"elementor-heading-title elementor-size-default\">L\u00e0-Haut est un lieu o\u00f9 la montagne devient exp\u00e9rience, \u00e0 chaque instant, pour tous les visiteurs, toute l\u2019ann\u00e9e.<\/h6>\t\t\t\t<\/div>\n\t\t\t\t<\/div>\n\t\t\t\t<\/div>\n\t\t<div class=\"elementor-element elementor-element-5435533f e-con-full e-flex e-con e-child\" data-id=\"5435533f\" data-element_type=\"container\">\n\t\t<div class=\"elementor-element elementor-element-62454001 e-con-full e-flex e-con e-child\" data-id=\"62454001\" data-element_type=\"container\" data-settings=\"{&quot;background_background&quot;:&quot;classic&quot;,&quot;background_motion_fx_motion_fx_scrolling&quot;:&quot;yes&quot;,&quot;background_motion_fx_translateY_effect&quot;:&quot;yes&quot;,&quot;background_motion_fx_translateY_speed&quot;:{&quot;unit&quot;:&quot;px&quot;,&quot;size&quot;:2.5,&quot;sizes&quot;:[]},&quot;motion_fx_motion_fx_scrolling&quot;:&quot;yes&quot;,&quot;motion_fx_translateY_effect&quot;:&quot;yes&quot;,&quot;motion_fx_translateY_direction&quot;:&quot;negative&quot;,&quot;motion_fx_translateY_speed&quot;:{&quot;unit&quot;:&quot;px&quot;,&quot;size&quot;:1,&quot;sizes&quot;:[]},&quot;background_motion_fx_translateY_affectedRange&quot;:{&quot;unit&quot;:&quot;%&quot;,&quot;size&quot;:&quot;&quot;,&quot;sizes&quot;:{&quot;start&quot;:0,&quot;end&quot;:100}},&quot;background_motion_fx_devices&quot;:[&quot;desktop&quot;,&quot;tablet&quot;,&quot;mobile&quot;],&quot;motion_fx_translateY_affectedRange&quot;:{&quot;unit&quot;:&quot;%&quot;,&quot;size&quot;:&quot;&quot;,&quot;sizes&quot;:{&quot;start&quot;:0,&quot;end&quot;:100}},&quot;motion_fx_devices&quot;:[&quot;desktop&quot;,&quot;tablet&quot;,&quot;mobile&quot;]}\">\n\t\t\t\t<\/div>\n\t\t\t\t<\/div>\n\t\t\t\t\t<\/div>\n\t\t\t\t<\/div>\n\t\t<div class=\"elementor-element elementor-element-53aa379 e-con-full e-flex e-con e-parent\" data-id=\"53aa379\" data-element_type=\"container\">\n\t\t<div class=\"elementor-element elementor-element-1df4f5b6 e-con-full e-flex e-con e-child\" data-id=\"1df4f5b6\" data-element_type=\"container\">\n\t\t\t\t<div class=\"elementor-element elementor-element-290d59c0 elementor-widget-mobile__width-initial animated-slow elementor-invisible elementor-widget elementor-widget-image\" data-id=\"290d59c0\" data-element_type=\"widget\" data-settings=\"{&quot;motion_fx_motion_fx_scrolling&quot;:&quot;yes&quot;,&quot;motion_fx_translateY_effect&quot;:&quot;yes&quot;,&quot;motion_fx_translateY_speed&quot;:{&quot;unit&quot;:&quot;px&quot;,&quot;size&quot;:0.5,&quot;sizes&quot;:[]},&quot;_animation&quot;:&quot;fadeInLeft&quot;,&quot;motion_fx_translateY_affectedRange&quot;:{&quot;unit&quot;:&quot;%&quot;,&quot;size&quot;:&quot;&quot;,&quot;sizes&quot;:{&quot;start&quot;:0,&quot;end&quot;:100}},&quot;motion_fx_devices&quot;:[&quot;desktop&quot;,&quot;tablet&quot;,&quot;mobile&quot;]}\" data-widget_type=\"image.default\">\n\t\t\t\t\t\t\t\t\t\t\t\t\t\t\t<img decoding=\"async\" width=\"1440\" height=\"960\" src=\"https:\/\/lahaut.net\/wp-content\/uploads\/2025\/11\/chambres.jpg\" class=\"attachment-full size-full wp-image-316\" alt=\"\" srcset=\"https:\/\/lahaut.net\/wp-content\/uploads\/2025\/11\/chambres.jpg 1440w, https:\/\/lahaut.net\/wp-content\/uploads\/2025\/11\/chambres-300x200.jpg 300w, https:\/\/lahaut.net\/wp-content\/uploads\/2025\/11\/chambres-1024x683.jpg 1024w, https:\/\/lahaut.net\/wp-content\/uploads\/2025\/11\/chambres-768x512.jpg 768w\" sizes=\"(max-width: 1440px) 100vw, 1440px\" \/>\t\t\t\t\t\t\t\t\t\t\t\t\t\t\t<\/div>\n\t\t\t\t<div class=\"elementor-element elementor-element-3ac125f5 animated-slow elementor-widget-mobile__width-initial elementor-invisible elementor-widget elementor-widget-image\" data-id=\"3ac125f5\" data-element_type=\"widget\" data-settings=\"{&quot;_animation&quot;:&quot;fadeInUp&quot;,&quot;motion_fx_motion_fx_scrolling&quot;:&quot;yes&quot;,&quot;motion_fx_translateY_effect&quot;:&quot;yes&quot;,&quot;motion_fx_translateY_speed&quot;:{&quot;unit&quot;:&quot;px&quot;,&quot;size&quot;:1,&quot;sizes&quot;:[]},&quot;motion_fx_translateY_affectedRange&quot;:{&quot;unit&quot;:&quot;%&quot;,&quot;size&quot;:&quot;&quot;,&quot;sizes&quot;:{&quot;start&quot;:0,&quot;end&quot;:100}},&quot;motion_fx_devices&quot;:[&quot;desktop&quot;,&quot;tablet&quot;,&quot;mobile&quot;]}\" data-widget_type=\"image.default\">\n\t\t\t\t\t\t\t\t\t\t\t\t\t\t\t<img loading=\"lazy\" decoding=\"async\" width=\"1440\" height=\"960\" src=\"https:\/\/lahaut.net\/wp-content\/uploads\/2025\/11\/chambres2.jpg\" class=\"attachment-full size-full wp-image-319\" alt=\"\" srcset=\"https:\/\/lahaut.net\/wp-content\/uploads\/2025\/11\/chambres2.jpg 1440w, https:\/\/lahaut.net\/wp-content\/uploads\/2025\/11\/chambres2-300x200.jpg 300w, https:\/\/lahaut.net\/wp-content\/uploads\/2025\/11\/chambres2-1024x683.jpg 1024w, https:\/\/lahaut.net\/wp-content\/uploads\/2025\/11\/chambres2-768x512.jpg 768w\" sizes=\"(max-width: 1440px) 100vw, 1440px\" \/>\t\t\t\t\t\t\t\t\t\t\t\t\t\t\t<\/div>\n\t\t\t\t<\/div>\n\t\t<div class=\"elementor-element elementor-element-4a1e9eef e-con-full e-flex e-con e-child\" data-id=\"4a1e9eef\" data-element_type=\"container\">\n\t\t\t\t<div class=\"elementor-element elementor-element-d68b904 elementor-widget-tablet__width-initial elementor-widget-mobile__width-inherit elementor-invisible elementor-widget elementor-widget-icon-box\" data-id=\"d68b904\" data-element_type=\"widget\" data-settings=\"{&quot;_animation&quot;:&quot;fadeIn&quot;}\" data-widget_type=\"icon-box.default\">\n\t\t\t\t\t\t\t<div class=\"elementor-icon-box-wrapper\">\n\n\t\t\t\n\t\t\t\t\t\t<div class=\"elementor-icon-box-content\">\n\n\t\t\t\t\t\t\t\t\t<h3 class=\"elementor-icon-box-title\">\n\t\t\t\t\t\t<span  >\n\t\t\t\t\t\t\tLes Chambres Dortoirs\t\t\t\t\t\t<\/span>\n\t\t\t\t\t<\/h3>\n\t\t\t\t\n\t\t\t\t\t\t\t\t\t<p class=\"elementor-icon-box-description\">\n\t\t\t\t\t\tAu refuge L\u00e0-Haut, le dortoir a \u00e9t\u00e9 pens\u00e9 pour allier confort moderne et charme montagnard. Les espaces sont chaleureux, lumineux et offrent une vue imprenable sur les sommets, pour profiter pleinement de la magie de l\u2019altitude. <br>\n<br>\nUn dortoir\u2026 mais en bien mieux.\u2028Des espaces spacieux, parfaits pour les groupes ou les amis, avec une capacit\u00e9 modulable, des lits confortables, et une conception qui encourage l\u2019\u00e9change et la convivialit\u00e9 tout en pr\u00e9servant l\u2019intimit\u00e9 de chacun. Ici, le partage n\u2019exclut pas le confort.<br>\n<br>\nDepuis chaque fen\u00eatre, la montagne se r\u00e9v\u00e8le : verts \u00e9clatants du printemps, horizons d\u2019\u00e9t\u00e9, ambiances dor\u00e9es de l\u2019automne ou paysages immacul\u00e9s de l\u2019hiver. Un d\u00e9cor vivant, changeant, qui accompagne chaque moment de votre s\u00e9jour.\t\t\t\t\t<\/p>\n\t\t\t\t\n\t\t\t<\/div>\n\t\t\t\n\t\t<\/div>\n\t\t\t\t\t\t<\/div>\n\t\t\t\t<\/div>\n\t\t\t\t<\/div>\n\t\t<div class=\"elementor-element elementor-element-0c153ed e-con-full e-flex e-con e-parent\" data-id=\"0c153ed\" data-element_type=\"container\">\n\t\t<div class=\"elementor-element elementor-element-cdf6724 e-con-full e-flex e-con e-child\" data-id=\"cdf6724\" data-element_type=\"container\">\n\t\t\t\t<div class=\"elementor-element elementor-element-881e0f7 elementor-widget-tablet__width-initial elementor-widget-mobile__width-inherit elementor-invisible elementor-widget elementor-widget-icon-box\" data-id=\"881e0f7\" data-element_type=\"widget\" data-settings=\"{&quot;_animation&quot;:&quot;fadeIn&quot;}\" data-widget_type=\"icon-box.default\">\n\t\t\t\t\t\t\t<div class=\"elementor-icon-box-wrapper\">\n\n\t\t\t\n\t\t\t\t\t\t<div class=\"elementor-icon-box-content\">\n\n\t\t\t\t\t\t\t\t\t<h3 class=\"elementor-icon-box-title\">\n\t\t\t\t\t\t<span  >\n\t\t\t\t\t\t\tBain nordique &amp; Sauna panoramique\t\t\t\t\t\t<\/span>\n\t\t\t\t\t<\/h3>\n\t\t\t\t\n\t\t\t\t\t\t\t\t\t<p class=\"elementor-icon-box-description\">\n\t\t\t\t\t\tAu refuge L\u00e0-Haut, le bain nordique et le sauna panoramique offrent un vrai moment de d\u00e9tente, avec une vue directe sur les montagnes de La Sambuy et, au loin, le lac d\u2019Annecy. La chaleur du bain et la douceur du sauna aident \u00e0 rel\u00e2cher les tensions, \u00e0 souffler, et \u00e0 se reconnecter \u00e0 la nature.\nChaque pause devient un instant vraiment apaisant, port\u00e9 par un panorama qui change au fil des lumi\u00e8res et transforme la vue en un tableau vivant.\t\t\t\t\t<\/p>\n\t\t\t\t\n\t\t\t<\/div>\n\t\t\t\n\t\t<\/div>\n\t\t\t\t\t\t<\/div>\n\t\t\t\t<\/div>\n\t\t<div class=\"elementor-element elementor-element-e4f68ca e-con-full e-flex e-con e-child\" data-id=\"e4f68ca\" data-element_type=\"container\">\n\t\t\t\t<div class=\"elementor-element elementor-element-12cfc5f elementor-widget-mobile__width-initial animated-slow elementor-invisible elementor-widget elementor-widget-image\" data-id=\"12cfc5f\" data-element_type=\"widget\" data-settings=\"{&quot;motion_fx_motion_fx_scrolling&quot;:&quot;yes&quot;,&quot;motion_fx_translateY_effect&quot;:&quot;yes&quot;,&quot;motion_fx_translateY_speed&quot;:{&quot;unit&quot;:&quot;px&quot;,&quot;size&quot;:0.5,&quot;sizes&quot;:[]},&quot;_animation&quot;:&quot;fadeInLeft&quot;,&quot;motion_fx_translateY_affectedRange&quot;:{&quot;unit&quot;:&quot;%&quot;,&quot;size&quot;:&quot;&quot;,&quot;sizes&quot;:{&quot;start&quot;:0,&quot;end&quot;:100}},&quot;motion_fx_devices&quot;:[&quot;desktop&quot;,&quot;tablet&quot;,&quot;mobile&quot;]}\" data-widget_type=\"image.default\">\n\t\t\t\t\t\t\t\t\t\t\t\t\t\t\t<img loading=\"lazy\" decoding=\"async\" width=\"960\" height=\"1200\" src=\"https:\/\/lahaut.net\/wp-content\/uploads\/2025\/11\/bain.jpg\" class=\"attachment-full size-full wp-image-317\" alt=\"\" srcset=\"https:\/\/lahaut.net\/wp-content\/uploads\/2025\/11\/bain.jpg 960w, https:\/\/lahaut.net\/wp-content\/uploads\/2025\/11\/bain-240x300.jpg 240w, https:\/\/lahaut.net\/wp-content\/uploads\/2025\/11\/bain-819x1024.jpg 819w, https:\/\/lahaut.net\/wp-content\/uploads\/2025\/11\/bain-768x960.jpg 768w\" sizes=\"(max-width: 960px) 100vw, 960px\" \/>\t\t\t\t\t\t\t\t\t\t\t\t\t\t\t<\/div>\n\t\t\t\t<div class=\"elementor-element elementor-element-fc4cb61 animated-slow elementor-widget-mobile__width-initial elementor-invisible elementor-widget elementor-widget-image\" data-id=\"fc4cb61\" data-element_type=\"widget\" data-settings=\"{&quot;_animation&quot;:&quot;fadeInUp&quot;,&quot;motion_fx_motion_fx_scrolling&quot;:&quot;yes&quot;,&quot;motion_fx_translateY_effect&quot;:&quot;yes&quot;,&quot;motion_fx_translateY_speed&quot;:{&quot;unit&quot;:&quot;px&quot;,&quot;size&quot;:1,&quot;sizes&quot;:[]},&quot;motion_fx_translateY_affectedRange&quot;:{&quot;unit&quot;:&quot;%&quot;,&quot;size&quot;:&quot;&quot;,&quot;sizes&quot;:{&quot;start&quot;:0,&quot;end&quot;:100}},&quot;motion_fx_devices&quot;:[&quot;desktop&quot;,&quot;tablet&quot;,&quot;mobile&quot;]}\" data-widget_type=\"image.default\">\n\t\t\t\t\t\t\t\t\t\t\t\t\t\t\t<img loading=\"lazy\" decoding=\"async\" width=\"1440\" height=\"960\" src=\"https:\/\/lahaut.net\/wp-content\/uploads\/2025\/11\/spa.jpg\" class=\"attachment-full size-full wp-image-318\" alt=\"\" srcset=\"https:\/\/lahaut.net\/wp-content\/uploads\/2025\/11\/spa.jpg 1440w, https:\/\/lahaut.net\/wp-content\/uploads\/2025\/11\/spa-300x200.jpg 300w, https:\/\/lahaut.net\/wp-content\/uploads\/2025\/11\/spa-1024x683.jpg 1024w, https:\/\/lahaut.net\/wp-content\/uploads\/2025\/11\/spa-768x512.jpg 768w\" sizes=\"(max-width: 1440px) 100vw, 1440px\" \/>\t\t\t\t\t\t\t\t\t\t\t\t\t\t\t<\/div>\n\t\t\t\t<\/div>\n\t\t\t\t<\/div>\n\t\t<div class=\"elementor-element elementor-element-fd45c96 e-con-full e-flex e-con e-parent\" data-id=\"fd45c96\" data-element_type=\"container\">\n\t\t<div class=\"elementor-element elementor-element-8be7afa e-con-full e-flex e-con e-child\" data-id=\"8be7afa\" data-element_type=\"container\">\n\t\t\t\t<div class=\"elementor-element elementor-element-62595fc elementor-widget-mobile__width-initial animated-slow elementor-invisible elementor-widget elementor-widget-image\" data-id=\"62595fc\" data-element_type=\"widget\" data-settings=\"{&quot;motion_fx_motion_fx_scrolling&quot;:&quot;yes&quot;,&quot;motion_fx_translateY_effect&quot;:&quot;yes&quot;,&quot;motion_fx_translateY_speed&quot;:{&quot;unit&quot;:&quot;px&quot;,&quot;size&quot;:0.5,&quot;sizes&quot;:[]},&quot;_animation&quot;:&quot;fadeInLeft&quot;,&quot;motion_fx_translateY_affectedRange&quot;:{&quot;unit&quot;:&quot;%&quot;,&quot;size&quot;:&quot;&quot;,&quot;sizes&quot;:{&quot;start&quot;:0,&quot;end&quot;:100}},&quot;motion_fx_devices&quot;:[&quot;desktop&quot;,&quot;tablet&quot;,&quot;mobile&quot;]}\" data-widget_type=\"image.default\">\n\t\t\t\t\t\t\t\t\t\t\t\t\t\t\t<img fetchpriority=\"high\" decoding=\"async\" width=\"1440\" height=\"1800\" src=\"https:\/\/lahaut.net\/wp-content\/uploads\/2025\/11\/483929400_9190630064326193_9149670691633449424_n.jpg\" class=\"attachment-full size-full wp-image-156\" alt=\"\" srcset=\"https:\/\/lahaut.net\/wp-content\/uploads\/2025\/11\/483929400_9190630064326193_9149670691633449424_n.jpg 1440w, https:\/\/lahaut.net\/wp-content\/uploads\/2025\/11\/483929400_9190630064326193_9149670691633449424_n-240x300.jpg 240w, https:\/\/lahaut.net\/wp-content\/uploads\/2025\/11\/483929400_9190630064326193_9149670691633449424_n-819x1024.jpg 819w, https:\/\/lahaut.net\/wp-content\/uploads\/2025\/11\/483929400_9190630064326193_9149670691633449424_n-768x960.jpg 768w, https:\/\/lahaut.net\/wp-content\/uploads\/2025\/11\/483929400_9190630064326193_9149670691633449424_n-1229x1536.jpg 1229w\" sizes=\"(max-width: 1440px) 100vw, 1440px\" \/>\t\t\t\t\t\t\t\t\t\t\t\t\t\t\t<\/div>\n\t\t\t\t<div class=\"elementor-element elementor-element-a6aca09 animated-slow elementor-widget-mobile__width-initial elementor-invisible elementor-widget elementor-widget-image\" data-id=\"a6aca09\" data-element_type=\"widget\" data-settings=\"{&quot;_animation&quot;:&quot;fadeInUp&quot;,&quot;motion_fx_motion_fx_scrolling&quot;:&quot;yes&quot;,&quot;motion_fx_translateY_effect&quot;:&quot;yes&quot;,&quot;motion_fx_translateY_speed&quot;:{&quot;unit&quot;:&quot;px&quot;,&quot;size&quot;:1,&quot;sizes&quot;:[]},&quot;motion_fx_translateY_affectedRange&quot;:{&quot;unit&quot;:&quot;%&quot;,&quot;size&quot;:&quot;&quot;,&quot;sizes&quot;:{&quot;start&quot;:0,&quot;end&quot;:100}},&quot;motion_fx_devices&quot;:[&quot;desktop&quot;,&quot;tablet&quot;,&quot;mobile&quot;]}\" data-widget_type=\"image.default\">\n\t\t\t\t\t\t\t\t\t\t\t\t\t\t\t<img loading=\"lazy\" decoding=\"async\" width=\"1440\" height=\"1800\" src=\"https:\/\/lahaut.net\/wp-content\/uploads\/2025\/11\/482031005_9190630037659529_5403938217594929811_n.jpg\" class=\"attachment-full size-full wp-image-155\" alt=\"\" srcset=\"https:\/\/lahaut.net\/wp-content\/uploads\/2025\/11\/482031005_9190630037659529_5403938217594929811_n.jpg 1440w, https:\/\/lahaut.net\/wp-content\/uploads\/2025\/11\/482031005_9190630037659529_5403938217594929811_n-240x300.jpg 240w, https:\/\/lahaut.net\/wp-content\/uploads\/2025\/11\/482031005_9190630037659529_5403938217594929811_n-819x1024.jpg 819w, https:\/\/lahaut.net\/wp-content\/uploads\/2025\/11\/482031005_9190630037659529_5403938217594929811_n-768x960.jpg 768w, https:\/\/lahaut.net\/wp-content\/uploads\/2025\/11\/482031005_9190630037659529_5403938217594929811_n-1229x1536.jpg 1229w\" sizes=\"(max-width: 1440px) 100vw, 1440px\" \/>\t\t\t\t\t\t\t\t\t\t\t\t\t\t\t<\/div>\n\t\t\t\t<\/div>\n\t\t<div class=\"elementor-element elementor-element-561a950 e-con-full e-flex e-con e-child\" data-id=\"561a950\" data-element_type=\"container\">\n\t\t\t\t<div class=\"elementor-element elementor-element-0a83474 elementor-widget-tablet__width-initial elementor-widget-mobile__width-inherit elementor-invisible elementor-widget elementor-widget-icon-box\" data-id=\"0a83474\" data-element_type=\"widget\" data-settings=\"{&quot;_animation&quot;:&quot;fadeIn&quot;}\" data-widget_type=\"icon-box.default\">\n\t\t\t\t\t\t\t<div class=\"elementor-icon-box-wrapper\">\n\n\t\t\t\n\t\t\t\t\t\t<div class=\"elementor-icon-box-content\">\n\n\t\t\t\t\t\t\t\t\t<h3 class=\"elementor-icon-box-title\">\n\t\t\t\t\t\t<span  >\n\t\t\t\t\t\t\tTerrasses &amp; Espaces Communs\t\t\t\t\t\t<\/span>\n\t\t\t\t\t<\/h3>\n\t\t\t\t\n\t\t\t\t\t\t\t\t\t<p class=\"elementor-icon-box-description\">\n\t\t\t\t\t\tAu refuge L\u00e0-Haut, les terrasses et espaces communs sont pens\u00e9s pour se ressourcer en toutes saisons, dans une atmosph\u00e8re chaleureuse et accueillante. Ici, chaque moment devient une invitation \u00e0 la d\u00e9tente et au partage, que ce soit autour d\u2019un caf\u00e9, d\u2019un repas ou simplement en admirant le paysage. Ces lieux refl\u00e8tent pleinement l\u2019esprit du refuge et offrent une exp\u00e9rience unique, c\u00e9l\u00e9brant la saison de la Terre et la beaut\u00e9 naturelle qui entoure La Sambuy.\t\t\t\t\t<\/p>\n\t\t\t\t\n\t\t\t<\/div>\n\t\t\t\n\t\t<\/div>\n\t\t\t\t\t\t<\/div>\n\t\t\t\t<\/div>\n\t\t\t\t<\/div>\n\t\t\t\t<\/div>\n\t\t","protected":false},"excerpt":{"rendered":"<p>Un lieu, des espaces \u00e0 vivre L\u00e0-Haut : explorer, contempler, savourer, respirer Une exp\u00e9rience \u00e0 vivre.Ici, on respire. Vous venez pour faire une pause, marcher, admirer la vue, partager un repas ou juste quelques mots. On suit le moment, sans horaires, sans pression. Chaque jour a sa propre vibe. La cuisine est locale, simple et [&hellip;]<\/p>\n","protected":false},"author":1,"featured_media":73,"parent":0,"menu_order":0,"comment_status":"closed","ping_status":"closed","template":"elementor_header_footer","meta":{"footnotes":""},"class_list":["post-63","page","type-page","status-publish","has-post-thumbnail","hentry"],"_links":{"self":[{"href":"https:\/\/lahaut.net\/index.php\/wp-json\/wp\/v2\/pages\/63","targetHints":{"allow":["GET"]}}],"collection":[{"href":"https:\/\/lahaut.net\/index.php\/wp-json\/wp\/v2\/pages"}],"about":[{"href":"https:\/\/lahaut.net\/index.php\/wp-json\/wp\/v2\/types\/page"}],"author":[{"embeddable":true,"href":"https:\/\/lahaut.net\/index.php\/wp-json\/wp\/v2\/users\/1"}],"replies":[{"embeddable":true,"href":"https:\/\/lahaut.net\/index.php\/wp-json\/wp\/v2\/comments?post=63"}],"version-history":[{"count":44,"href":"https:\/\/lahaut.net\/index.php\/wp-json\/wp\/v2\/pages\/63\/revisions"}],"predecessor-version":[{"id":608,"href":"https:\/\/lahaut.net\/index.php\/wp-json\/wp\/v2\/pages\/63\/revisions\/608"}],"wp:featuredmedia":[{"embeddable":true,"href":"https:\/\/lahaut.net\/index.php\/wp-json\/wp\/v2\/media\/73"}],"wp:attachment":[{"href":"https:\/\/lahaut.net\/index.php\/wp-json\/wp\/v2\/media?parent=63"}],"curies":[{"name":"wp","href":"https:\/\/api.w.org\/{rel}","templated":true}]}}