{"id":74,"date":"2025-11-21T15:30:18","date_gmt":"2025-11-21T15:30:18","guid":{"rendered":"https:\/\/lahaut.net\/index.php\/our-bread\/"},"modified":"2025-12-11T10:35:04","modified_gmt":"2025-12-11T10:35:04","slug":"lhistoire","status":"publish","type":"page","link":"https:\/\/lahaut.net\/index.php\/lhistoire\/","title":{"rendered":"L&rsquo;histoire"},"content":{"rendered":"\t\t<div data-elementor-type=\"wp-page\" data-elementor-id=\"74\" class=\"elementor elementor-74\" data-elementor-post-type=\"page\">\n\t\t\t\t<div class=\"elementor-element elementor-element-39d9a839 e-flex e-con-boxed e-con e-parent\" data-id=\"39d9a839\" data-element_type=\"container\" data-settings=\"{&quot;background_background&quot;:&quot;classic&quot;,&quot;background_motion_fx_motion_fx_scrolling&quot;:&quot;yes&quot;,&quot;background_motion_fx_translateY_effect&quot;:&quot;yes&quot;,&quot;background_motion_fx_translateY_speed&quot;:{&quot;unit&quot;:&quot;px&quot;,&quot;size&quot;:1,&quot;sizes&quot;:[]},&quot;background_motion_fx_translateY_affectedRange&quot;:{&quot;unit&quot;:&quot;%&quot;,&quot;size&quot;:&quot;&quot;,&quot;sizes&quot;:{&quot;start&quot;:0,&quot;end&quot;:100}},&quot;background_motion_fx_devices&quot;:[&quot;desktop&quot;,&quot;tablet&quot;,&quot;mobile&quot;]}\">\n\t\t\t\t\t<div class=\"e-con-inner\">\n\t\t\t\t<div class=\"elementor-element elementor-element-380485bd elementor-invisible elementor-widget elementor-widget-heading\" data-id=\"380485bd\" data-element_type=\"widget\" data-settings=\"{&quot;_animation&quot;:&quot;fadeInUp&quot;}\" data-widget_type=\"heading.default\">\n\t\t\t\t\t<h1 class=\"elementor-heading-title elementor-size-default\">Une vision d\u2019altitude\n\n<\/h1>\t\t\t\t<\/div>\n\t\t\t\t<div class=\"elementor-element elementor-element-392fa81b elementor-widget__width-auto elementor-invisible elementor-widget elementor-widget-heading\" data-id=\"392fa81b\" data-element_type=\"widget\" data-settings=\"{&quot;_animation&quot;:&quot;fadeIn&quot;,&quot;_animation_delay&quot;:300}\" data-widget_type=\"heading.default\">\n\t\t\t\t\t<h6 class=\"elementor-heading-title elementor-size-default\">depuis 2005<\/h6>\t\t\t\t<\/div>\n\t\t\t\t\t<\/div>\n\t\t\t\t<\/div>\n\t\t<div class=\"elementor-element elementor-element-4f25edc5 e-con-full e-flex e-con e-parent\" data-id=\"4f25edc5\" data-element_type=\"container\" data-settings=\"{&quot;background_background&quot;:&quot;classic&quot;,&quot;background_motion_fx_motion_fx_scrolling&quot;:&quot;yes&quot;,&quot;background_motion_fx_translateY_effect&quot;:&quot;yes&quot;,&quot;background_motion_fx_translateY_speed&quot;:{&quot;unit&quot;:&quot;px&quot;,&quot;size&quot;:5,&quot;sizes&quot;:[]},&quot;background_motion_fx_translateY_affectedRange&quot;:{&quot;unit&quot;:&quot;%&quot;,&quot;size&quot;:&quot;&quot;,&quot;sizes&quot;:{&quot;start&quot;:0,&quot;end&quot;:100}},&quot;background_motion_fx_devices&quot;:[&quot;desktop&quot;,&quot;tablet&quot;,&quot;mobile&quot;]}\">\n\t\t\t\t<\/div>\n\t\t<div class=\"elementor-element elementor-element-102c6be5 e-con-full e-flex e-con e-parent\" data-id=\"102c6be5\" data-element_type=\"container\">\n\t\t<div class=\"elementor-element elementor-element-88bfe20 e-con-full e-flex e-con e-child\" data-id=\"88bfe20\" data-element_type=\"container\">\n\t\t\t\t<div class=\"elementor-element elementor-element-147eea12 elementor-invisible elementor-widget elementor-widget-heading\" data-id=\"147eea12\" data-element_type=\"widget\" data-settings=\"{&quot;_animation&quot;:&quot;fadeIn&quot;,&quot;_animation_delay&quot;:300}\" data-widget_type=\"heading.default\">\n\t\t\t\t\t<h2 class=\"elementor-heading-title elementor-size-default\">La marque a un projet, Marc, as-tu une id\u00e9e ?<\/h2>\t\t\t\t<\/div>\n\t\t\t\t<div class=\"elementor-element elementor-element-87d7531 elementor-invisible elementor-widget elementor-widget-text-editor\" data-id=\"87d7531\" data-element_type=\"widget\" data-settings=\"{&quot;_animation&quot;:&quot;fadeIn&quot;,&quot;_animation_delay&quot;:650}\" data-widget_type=\"text-editor.default\">\n\t\t\t\t\t\t\t\t\t<p><span style=\"color: #000000;\"><br \/>Nous sommes en 2005. Je dirige AZO\u00a0<\/span>depuis 16 ans<span style=\"color: #222222;\">\u00a0<\/span><span style=\"color: #000000;\">et je passe l\u2019essentiel de mon temps sur les routes et dans les a\u00e9roports : Canada, Cercle polaire, Afrique du Sud, Europe dans tous les sens\u2026 Pendant ce temps, ma famille reste au port d\u2019attache, en Savoie.<br \/>Les clients sont exigeants et press\u00e9s, les retours \u00e0 la maison sont brefs et agit\u00e9s. Mais les moments de convivialit\u00e9 en famille et la montagne sont les seuls qui me ressourcent\u2026<br \/>Mais bon,\u00a0<em>il faut faire tourner la bo\u00eete<\/em>.<\/span><\/p><p><span style=\"color: #000000;\">Et puis vient un samedi apr\u00e8s-midi de ski, loin des foules, dans une petite station dont nous profitons d\u00e8s que l\u2019enneigement le permet \u2014 son avenir est incertain. Pause gourmande au sommet :\u00a0<em>Aux Marmottes<\/em>, en d\u00e9gustant un chocolat chaud, j\u2019aper\u00e7ois une annonce d\u00e9lav\u00e9e sur une vitre :\u00a0<strong>\u00ab Chalet \u00e0 vendre \u00bb<\/strong>.<br \/>Je me l\u00e8ve et je lance \u00e0 table :<br \/><strong>\u00ab Je viens de boire le chocolat le plus cher de ma vie ! \u00bb<\/strong><\/span><\/p><p><span style=\"color: #000000;\">Quelques mots \u00e9chang\u00e9s avec le propri\u00e9taire, fatigu\u00e9 d\u2019attendre un acheteur\u2026 Et quelque chose se met en place. Mes convictions\u00a0<\/span>sont claires \u00a0<span style=\"color: #ff2600;\">:<\/span><\/p><p><strong><span style=\"color: #000000;\">Et si le luxe se trouvait dans la simplicit\u00e9 ?<br \/>Et si l\u2019on se d\u00e9complexait un peu face aux offres d\u2019accueil habituelles ?<br \/>Et si cette petite station pouvait rester \u00e9veill\u00e9e toute l\u2019ann\u00e9e ?<\/span><\/strong><\/p><p><span style=\"color: #000000;\">De retour \u00e0 la maison, l\u2019id\u00e9e est imm\u00e9diate :<br \/><strong>\u00ab L\u00e0-Haut \u00bb ne sera plus un adverbe, mais un lieu.<\/strong><br \/>La montagne ne sera pas un d\u00e9cor que l\u2019on consomme, mais un espace qui nous transforme. C\u2019est ce que j\u2019expliquerai \u00e0 mes \u00ab clients \u00bb.<\/span><\/p><p><span style=\"color: #000000;\">Ann\u00e9e apr\u00e8s ann\u00e9e, le projet a grandi avec cette vision : proposer un refuge o\u00f9 l\u2019on vient moins pour s\u2019agiter que pour s\u2019apaiser, partager, contempler et renouer avec l\u2019essentiel.<br \/>Une montagne v\u00e9cue d\u00e9licieusement, dans toutes ses saisons, avec respect, sinc\u00e9rit\u00e9 et sens.<\/span><\/p><p><strong data-start=\"144\" data-end=\"255\">Depuis, bien des \u00ab\u00a0L\u00e0-Haut\u00a0\u00bb ont vu le jour, parfois inspir\u00e9s de ce lieu qui <\/strong><strong data-start=\"144\" data-end=\"255\">reste, plus que tout autre, l\u2019expression la plus juste de notre vision de la nouvelle hospitalit\u00e9 de montagne<\/strong><\/p><p><strong><span style=\"color: #000000;\">Bienvenue L\u00e0-Haut.<\/span><\/strong><\/p><p><em><span style=\"color: #000000;\">Marc Azzolini<\/span><\/em><\/p>\t\t\t\t\t\t\t\t<\/div>\n\t\t\t\t<\/div>\n\t\t<div class=\"elementor-element elementor-element-f53d0e e-con-full e-flex e-con e-child\" data-id=\"f53d0e\" data-element_type=\"container\">\n\t\t\t\t<div class=\"elementor-element elementor-element-1a4e9077 elementor-widget__width-initial animated-slow elementor-invisible elementor-widget elementor-widget-image\" data-id=\"1a4e9077\" data-element_type=\"widget\" data-settings=\"{&quot;_animation&quot;:&quot;fadeInDown&quot;}\" data-widget_type=\"image.default\">\n\t\t\t\t\t\t\t\t\t\t\t\t\t\t\t<img fetchpriority=\"high\" decoding=\"async\" width=\"1440\" height=\"1800\" src=\"https:\/\/lahaut.net\/wp-content\/uploads\/2025\/11\/470971406_18380753152107114_781544428011433784_n.jpg\" class=\"attachment-full size-full wp-image-158\" alt=\"\" srcset=\"https:\/\/lahaut.net\/wp-content\/uploads\/2025\/11\/470971406_18380753152107114_781544428011433784_n.jpg 1440w, https:\/\/lahaut.net\/wp-content\/uploads\/2025\/11\/470971406_18380753152107114_781544428011433784_n-240x300.jpg 240w, https:\/\/lahaut.net\/wp-content\/uploads\/2025\/11\/470971406_18380753152107114_781544428011433784_n-819x1024.jpg 819w, https:\/\/lahaut.net\/wp-content\/uploads\/2025\/11\/470971406_18380753152107114_781544428011433784_n-768x960.jpg 768w, https:\/\/lahaut.net\/wp-content\/uploads\/2025\/11\/470971406_18380753152107114_781544428011433784_n-1229x1536.jpg 1229w\" sizes=\"(max-width: 1440px) 100vw, 1440px\" \/>\t\t\t\t\t\t\t\t\t\t\t\t\t\t\t<\/div>\n\t\t\t\t<div class=\"elementor-element elementor-element-392f2f23 elementor-widget__width-initial elementor-widget-mobile__width-initial animated-slow elementor-invisible elementor-widget elementor-widget-image\" data-id=\"392f2f23\" data-element_type=\"widget\" data-settings=\"{&quot;_animation&quot;:&quot;fadeInRight&quot;}\" data-widget_type=\"image.default\">\n\t\t\t\t\t\t\t\t\t\t\t\t\t\t\t<img decoding=\"async\" width=\"1440\" height=\"1800\" src=\"https:\/\/lahaut.net\/wp-content\/uploads\/2025\/11\/469777620_18378134170107114_8821364405498385412_n.jpg\" class=\"attachment-full size-full wp-image-153\" alt=\"\" srcset=\"https:\/\/lahaut.net\/wp-content\/uploads\/2025\/11\/469777620_18378134170107114_8821364405498385412_n.jpg 1440w, https:\/\/lahaut.net\/wp-content\/uploads\/2025\/11\/469777620_18378134170107114_8821364405498385412_n-240x300.jpg 240w, https:\/\/lahaut.net\/wp-content\/uploads\/2025\/11\/469777620_18378134170107114_8821364405498385412_n-819x1024.jpg 819w, https:\/\/lahaut.net\/wp-content\/uploads\/2025\/11\/469777620_18378134170107114_8821364405498385412_n-768x960.jpg 768w, https:\/\/lahaut.net\/wp-content\/uploads\/2025\/11\/469777620_18378134170107114_8821364405498385412_n-1229x1536.jpg 1229w\" sizes=\"(max-width: 1440px) 100vw, 1440px\" \/>\t\t\t\t\t\t\t\t\t\t\t\t\t\t\t<\/div>\n\t\t\t\t<\/div>\n\t\t\t\t<\/div>\n\t\t\t\t<\/div>\n\t\t","protected":false},"excerpt":{"rendered":"<p>Une vision d\u2019altitude depuis 2005 La marque a un projet, Marc, as-tu une id\u00e9e ? Nous sommes en 2005. Je dirige AZO\u00a0depuis 16 ans\u00a0et je passe l\u2019essentiel de mon temps sur les routes et dans les a\u00e9roports : Canada, Cercle polaire, Afrique du Sud, Europe dans tous les sens\u2026 Pendant ce temps, ma famille reste [&hellip;]<\/p>\n","protected":false},"author":1,"featured_media":92,"parent":0,"menu_order":0,"comment_status":"closed","ping_status":"closed","template":"elementor_header_footer","meta":{"footnotes":""},"class_list":["post-74","page","type-page","status-publish","has-post-thumbnail","hentry"],"_links":{"self":[{"href":"https:\/\/lahaut.net\/index.php\/wp-json\/wp\/v2\/pages\/74","targetHints":{"allow":["GET"]}}],"collection":[{"href":"https:\/\/lahaut.net\/index.php\/wp-json\/wp\/v2\/pages"}],"about":[{"href":"https:\/\/lahaut.net\/index.php\/wp-json\/wp\/v2\/types\/page"}],"author":[{"embeddable":true,"href":"https:\/\/lahaut.net\/index.php\/wp-json\/wp\/v2\/users\/1"}],"replies":[{"embeddable":true,"href":"https:\/\/lahaut.net\/index.php\/wp-json\/wp\/v2\/comments?post=74"}],"version-history":[{"count":53,"href":"https:\/\/lahaut.net\/index.php\/wp-json\/wp\/v2\/pages\/74\/revisions"}],"predecessor-version":[{"id":634,"href":"https:\/\/lahaut.net\/index.php\/wp-json\/wp\/v2\/pages\/74\/revisions\/634"}],"wp:featuredmedia":[{"embeddable":true,"href":"https:\/\/lahaut.net\/index.php\/wp-json\/wp\/v2\/media\/92"}],"wp:attachment":[{"href":"https:\/\/lahaut.net\/index.php\/wp-json\/wp\/v2\/media?parent=74"}],"curies":[{"name":"wp","href":"https:\/\/api.w.org\/{rel}","templated":true}]}}