{"id":93,"date":"2025-11-21T15:30:20","date_gmt":"2025-11-21T15:30:20","guid":{"rendered":"https:\/\/lahaut.net\/index.php\/home\/"},"modified":"2026-01-09T14:17:31","modified_gmt":"2026-01-09T14:17:31","slug":"accueil","status":"publish","type":"page","link":"https:\/\/lahaut.net\/","title":{"rendered":"Accueil"},"content":{"rendered":"\t\t<div data-elementor-type=\"wp-page\" data-elementor-id=\"93\" class=\"elementor elementor-93\" data-elementor-post-type=\"page\">\n\t\t\t\t<div class=\"elementor-element elementor-element-5dad20f e-flex e-con-boxed e-con e-parent\" data-id=\"5dad20f\" data-element_type=\"container\" data-settings=\"{&quot;background_background&quot;:&quot;classic&quot;,&quot;background_motion_fx_motion_fx_scrolling&quot;:&quot;yes&quot;,&quot;background_motion_fx_translateY_effect&quot;:&quot;yes&quot;,&quot;background_motion_fx_translateY_speed&quot;:{&quot;unit&quot;:&quot;px&quot;,&quot;size&quot;:1,&quot;sizes&quot;:[]},&quot;background_motion_fx_translateY_affectedRange&quot;:{&quot;unit&quot;:&quot;%&quot;,&quot;size&quot;:&quot;&quot;,&quot;sizes&quot;:{&quot;start&quot;:0,&quot;end&quot;:100}},&quot;background_motion_fx_devices&quot;:[&quot;desktop&quot;,&quot;tablet&quot;,&quot;mobile&quot;]}\">\n\t\t\t\t\t<div class=\"e-con-inner\">\n\t\t\t\t<div class=\"elementor-element elementor-element-10e2c765 elementor-invisible elementor-widget elementor-widget-heading\" data-id=\"10e2c765\" data-element_type=\"widget\" data-settings=\"{&quot;_animation&quot;:&quot;fadeInUp&quot;}\" data-widget_type=\"heading.default\">\n\t\t\t\t\t<h1 class=\"elementor-heading-title elementor-size-default\"> Chalet Refuge L\u00e0-Haut<\/h1>\t\t\t\t<\/div>\n\t\t\t\t<div class=\"elementor-element elementor-element-773f3169 elementor-widget__width-auto elementor-invisible elementor-widget elementor-widget-heading\" data-id=\"773f3169\" data-element_type=\"widget\" data-settings=\"{&quot;_animation&quot;:&quot;fadeIn&quot;,&quot;_animation_delay&quot;:300}\" data-widget_type=\"heading.default\">\n\t\t\t\t\t<h6 class=\"elementor-heading-title elementor-size-default\">\u00c9loign\u00e9 de tout. proche de l\u2019essentiel<\/h6>\t\t\t\t<\/div>\n\t\t\t\t<div class=\"elementor-element elementor-element-0f79ee4 elementor-invisible elementor-widget elementor-widget-text-editor\" data-id=\"0f79ee4\" data-element_type=\"widget\" data-settings=\"{&quot;_animation&quot;:&quot;fadeInUp&quot;}\" data-widget_type=\"text-editor.default\">\n\t\t\t\t\t\t\t\t\t<p><i>Un horizon qui ne s\u2019oublie pas.<\/i><\/p><p>\u00c0 1830 m d\u2019altitude, l\u2019alliance rare entre nature, \u00e9l\u00e9gance et montagne en transition.<\/p>\t\t\t\t\t\t\t\t<\/div>\n\t\t\t\t\t<\/div>\n\t\t\t\t<\/div>\n\t\t<div class=\"elementor-element elementor-element-65cc7a0f e-flex e-con-boxed e-con e-parent\" data-id=\"65cc7a0f\" data-element_type=\"container\">\n\t\t\t\t\t<div class=\"e-con-inner\">\n\t\t<div class=\"elementor-element elementor-element-671988a0 e-con-full e-flex e-con e-child\" data-id=\"671988a0\" data-element_type=\"container\" data-settings=\"{&quot;background_background&quot;:&quot;classic&quot;,&quot;background_motion_fx_motion_fx_scrolling&quot;:&quot;yes&quot;,&quot;background_motion_fx_translateY_effect&quot;:&quot;yes&quot;,&quot;background_motion_fx_translateY_speed&quot;:{&quot;unit&quot;:&quot;px&quot;,&quot;size&quot;:1,&quot;sizes&quot;:[]},&quot;background_motion_fx_translateY_affectedRange&quot;:{&quot;unit&quot;:&quot;%&quot;,&quot;size&quot;:&quot;&quot;,&quot;sizes&quot;:{&quot;start&quot;:0,&quot;end&quot;:100}},&quot;background_motion_fx_devices&quot;:[&quot;desktop&quot;,&quot;tablet&quot;,&quot;mobile&quot;]}\">\n\t\t\t\t<div class=\"elementor-element elementor-element-5ebb119a elementor-widget elementor-widget-heading\" data-id=\"5ebb119a\" data-element_type=\"widget\" data-widget_type=\"heading.default\">\n\t\t\t\t\t<h2 class=\"elementor-heading-title elementor-size-default\">Bienvenue<\/h2>\t\t\t\t<\/div>\n\t\t\t\t<\/div>\n\t\t<div class=\"elementor-element elementor-element-332d14ad e-con-full e-flex e-con e-child\" data-id=\"332d14ad\" data-element_type=\"container\">\n\t\t\t\t<div class=\"elementor-element elementor-element-124b992d elementor-invisible elementor-widget elementor-widget-heading\" data-id=\"124b992d\" data-element_type=\"widget\" data-settings=\"{&quot;_animation&quot;:&quot;fadeInLeft&quot;,&quot;_animation_mobile&quot;:&quot;fadeInDown&quot;}\" data-widget_type=\"heading.default\">\n\t\t\t\t\t<h2 class=\"elementor-heading-title elementor-size-default\">L\u00e0-Haut<\/h2>\t\t\t\t<\/div>\n\t\t<div class=\"elementor-element elementor-element-7166aa26 e-con-full e-flex e-con e-child\" data-id=\"7166aa26\" data-element_type=\"container\">\n\t\t\t\t<div class=\"elementor-element elementor-element-679e12aa elementor-widget elementor-widget-heading\" data-id=\"679e12aa\" data-element_type=\"widget\" data-widget_type=\"heading.default\">\n\t\t\t\t\t<h6 class=\"elementor-heading-title elementor-size-default\">La Sambuy<br><br>\nun site naturel d\u2019exception au c\u0153ur du Massif des Bauges\n<\/h6>\t\t\t\t<\/div>\n\t\t\t\t<div class=\"elementor-element elementor-element-4a5088e0 elementor-widget elementor-widget-text-editor\" data-id=\"4a5088e0\" data-element_type=\"widget\" data-widget_type=\"text-editor.default\">\n\t\t\t\t\t\t\t\t\t<p class=\"p1\">Situ\u00e9e sur les hauteurs de Faverges-Seythenex, La Sambuy est un refuge pour celles et ceux en qu\u00eate d\u2019air pur, de tranquillit\u00e9 et d\u2019authenticit\u00e9. Ici, la montagne se d\u00e9couvre \u00e0 son rythme : balades contemplatives, rencontres avec la faune et la flore alpines, sentiers vari\u00e9s, espaces sauvages\u2026 Un lieu id\u00e9al pour se ressourcer.<\/p>\t\t\t\t\t\t\t\t<\/div>\n\t\t\t\t<div class=\"elementor-element elementor-element-10d13f6 elementor-widget elementor-widget-heading\" data-id=\"10d13f6\" data-element_type=\"widget\" data-widget_type=\"heading.default\">\n\t\t\t\t\t<h6 class=\"elementor-heading-title elementor-size-default\">Un panorama inoubliable\n<\/h6>\t\t\t\t<\/div>\n\t\t\t\t<div class=\"elementor-element elementor-element-1bfe1b0 elementor-widget elementor-widget-text-editor\" data-id=\"1bfe1b0\" data-element_type=\"widget\" data-widget_type=\"text-editor.default\">\n\t\t\t\t\t\t\t\t\t<p class=\"p1\">Ici, on respire. Vous venez pour faire une pause, marcher, admirer la vue, partager un repas ou juste quelques mots. On suit le moment, sans horaires, sans pression. Chaque jour a sa propre vibe.<\/p>\t\t\t\t\t\t\t\t<\/div>\n\t\t\t\t<div class=\"elementor-element elementor-element-28fe938 elementor-mobile-align-center elementor-widget-mobile__width-inherit elementor-widget elementor-widget-button\" data-id=\"28fe938\" data-element_type=\"widget\" data-widget_type=\"button.default\">\n\t\t\t\t\t\t\t\t\t\t<a class=\"elementor-button elementor-button-link elementor-size-sm\" href=\"https:\/\/lahaut.net\/index.php\/sejourner-la-haut\/\">\n\t\t\t\t\t\t<span class=\"elementor-button-content-wrapper\">\n\t\t\t\t\t\t\t\t\t<span class=\"elementor-button-text\">D\u00e9couvrir le refuge<\/span>\n\t\t\t\t\t<\/span>\n\t\t\t\t\t<\/a>\n\t\t\t\t\t\t\t\t<\/div>\n\t\t\t\t<\/div>\n\t\t\t\t<\/div>\n\t\t\t\t\t<\/div>\n\t\t\t\t<\/div>\n\t\t<div class=\"elementor-element elementor-element-3d745a71 e-flex e-con-boxed e-con e-parent\" data-id=\"3d745a71\" data-element_type=\"container\">\n\t\t\t\t\t<div class=\"e-con-inner\">\n\t\t<div class=\"elementor-element elementor-element-5eab028c e-con-full e-flex e-con e-child\" data-id=\"5eab028c\" data-element_type=\"container\">\n\t\t\t\t<div class=\"elementor-element elementor-element-1c0de21c elementor-widget elementor-widget-heading\" data-id=\"1c0de21c\" data-element_type=\"widget\" data-widget_type=\"heading.default\">\n\t\t\t\t\t<h6 class=\"elementor-heading-title elementor-size-default\">L\u00e0-Haut...<\/h6>\t\t\t\t<\/div>\n\t\t\t\t<div class=\"elementor-element elementor-element-c2da784 elementor-widget elementor-widget-heading\" data-id=\"c2da784\" data-element_type=\"widget\" data-widget_type=\"heading.default\">\n\t\t\t\t\t<h2 class=\"elementor-heading-title elementor-size-default\">Explorer, contempler, savourer, respirer<\/h2>\t\t\t\t<\/div>\n\t\t\t\t<div class=\"elementor-element elementor-element-4dd3d90f elementor-widget elementor-widget-text-editor\" data-id=\"4dd3d90f\" data-element_type=\"widget\" data-widget_type=\"text-editor.default\">\n\t\t\t\t\t\t\t\t\t<p class=\"p1\">Une exp\u00e9rience \u00e0 vivre.<span class=\"s1\"><br \/><\/span>Ici, on respire. Vous venez pour faire une pause, marcher, admirer la vue, partager un repas ou juste quelques mots. On suit le moment, sans horaires, sans pression. Chaque jour a sa propre vibe.<\/p>\t\t\t\t\t\t\t\t<\/div>\n\t\t\t\t<div class=\"elementor-element elementor-element-6c6ea6df elementor-tablet-align-center elementor-widget elementor-widget-button\" data-id=\"6c6ea6df\" data-element_type=\"widget\" data-widget_type=\"button.default\">\n\t\t\t\t\t\t\t\t\t\t<a class=\"elementor-button elementor-button-link elementor-size-sm\" href=\"https:\/\/lahaut.net\/index.php\/contact\/\">\n\t\t\t\t\t\t<span class=\"elementor-button-content-wrapper\">\n\t\t\t\t\t\t\t\t\t<span class=\"elementor-button-text\">r\u00e9server votre exp\u00e9rience <\/span>\n\t\t\t\t\t<\/span>\n\t\t\t\t\t<\/a>\n\t\t\t\t\t\t\t\t<\/div>\n\t\t\t\t<\/div>\n\t\t<div class=\"elementor-element elementor-element-1fd926b8 e-con-full e-flex e-con e-child\" data-id=\"1fd926b8\" data-element_type=\"container\">\n\t\t\t\t<div class=\"elementor-element elementor-element-3e34075e animated-slow elementor-widget-mobile__width-initial elementor-invisible elementor-widget elementor-widget-image\" data-id=\"3e34075e\" data-element_type=\"widget\" data-settings=\"{&quot;_animation&quot;:&quot;fadeInUp&quot;,&quot;motion_fx_motion_fx_scrolling&quot;:&quot;yes&quot;,&quot;motion_fx_translateY_effect&quot;:&quot;yes&quot;,&quot;motion_fx_translateY_speed&quot;:{&quot;unit&quot;:&quot;px&quot;,&quot;size&quot;:1,&quot;sizes&quot;:[]},&quot;motion_fx_translateY_affectedRange&quot;:{&quot;unit&quot;:&quot;%&quot;,&quot;size&quot;:&quot;&quot;,&quot;sizes&quot;:{&quot;start&quot;:0,&quot;end&quot;:100}},&quot;motion_fx_devices&quot;:[&quot;desktop&quot;,&quot;tablet&quot;,&quot;mobile&quot;]}\" data-widget_type=\"image.default\">\n\t\t\t\t\t\t\t\t\t\t\t\t\t\t\t<img fetchpriority=\"high\" decoding=\"async\" width=\"1440\" height=\"1800\" src=\"https:\/\/lahaut.net\/wp-content\/uploads\/2025\/11\/467998754_18375661519107114_7239569776118446129_n.jpg\" class=\"attachment-full size-full wp-image-161\" alt=\"\" srcset=\"https:\/\/lahaut.net\/wp-content\/uploads\/2025\/11\/467998754_18375661519107114_7239569776118446129_n.jpg 1440w, https:\/\/lahaut.net\/wp-content\/uploads\/2025\/11\/467998754_18375661519107114_7239569776118446129_n-240x300.jpg 240w, https:\/\/lahaut.net\/wp-content\/uploads\/2025\/11\/467998754_18375661519107114_7239569776118446129_n-819x1024.jpg 819w, https:\/\/lahaut.net\/wp-content\/uploads\/2025\/11\/467998754_18375661519107114_7239569776118446129_n-768x960.jpg 768w, https:\/\/lahaut.net\/wp-content\/uploads\/2025\/11\/467998754_18375661519107114_7239569776118446129_n-1229x1536.jpg 1229w\" sizes=\"(max-width: 1440px) 100vw, 1440px\" \/>\t\t\t\t\t\t\t\t\t\t\t\t\t\t\t<\/div>\n\t\t\t\t<div class=\"elementor-element elementor-element-5b50018a elementor-widget-mobile__width-initial elementor-invisible elementor-widget elementor-widget-image\" data-id=\"5b50018a\" data-element_type=\"widget\" data-settings=\"{&quot;motion_fx_motion_fx_scrolling&quot;:&quot;yes&quot;,&quot;motion_fx_translateY_effect&quot;:&quot;yes&quot;,&quot;motion_fx_translateY_direction&quot;:&quot;negative&quot;,&quot;motion_fx_translateY_speed&quot;:{&quot;unit&quot;:&quot;px&quot;,&quot;size&quot;:0.5,&quot;sizes&quot;:[]},&quot;_animation&quot;:&quot;fadeInRight&quot;,&quot;motion_fx_translateY_affectedRange&quot;:{&quot;unit&quot;:&quot;%&quot;,&quot;size&quot;:&quot;&quot;,&quot;sizes&quot;:{&quot;start&quot;:0,&quot;end&quot;:100}},&quot;motion_fx_devices&quot;:[&quot;desktop&quot;,&quot;tablet&quot;,&quot;mobile&quot;]}\" data-widget_type=\"image.default\">\n\t\t\t\t\t\t\t\t\t\t\t\t\t\t\t<img decoding=\"async\" width=\"1440\" height=\"1800\" src=\"https:\/\/lahaut.net\/wp-content\/uploads\/2025\/11\/469319343_18378134227107114_2812147484754291797_n.jpg\" class=\"attachment-full size-full wp-image-159\" alt=\"\" srcset=\"https:\/\/lahaut.net\/wp-content\/uploads\/2025\/11\/469319343_18378134227107114_2812147484754291797_n.jpg 1440w, https:\/\/lahaut.net\/wp-content\/uploads\/2025\/11\/469319343_18378134227107114_2812147484754291797_n-240x300.jpg 240w, https:\/\/lahaut.net\/wp-content\/uploads\/2025\/11\/469319343_18378134227107114_2812147484754291797_n-819x1024.jpg 819w, https:\/\/lahaut.net\/wp-content\/uploads\/2025\/11\/469319343_18378134227107114_2812147484754291797_n-768x960.jpg 768w, https:\/\/lahaut.net\/wp-content\/uploads\/2025\/11\/469319343_18378134227107114_2812147484754291797_n-1229x1536.jpg 1229w\" sizes=\"(max-width: 1440px) 100vw, 1440px\" \/>\t\t\t\t\t\t\t\t\t\t\t\t\t\t\t<\/div>\n\t\t\t\t<\/div>\n\t\t\t\t\t<\/div>\n\t\t\t\t<\/div>\n\t\t<div class=\"elementor-element elementor-element-595226f e-flex e-con-boxed e-con e-parent\" data-id=\"595226f\" data-element_type=\"container\">\n\t\t\t\t\t<div class=\"e-con-inner\">\n\t\t\t\t<div class=\"elementor-element elementor-element-4ad25f7 elementor-widget elementor-widget-heading\" data-id=\"4ad25f7\" data-element_type=\"widget\" data-widget_type=\"heading.default\">\n\t\t\t\t\t<h2 class=\"elementor-heading-title elementor-size-default\">Nos partenaires locaux !<\/h2>\t\t\t\t<\/div>\n\t\t\t\t<div class=\"elementor-element elementor-element-7f2d561b elementor-pagination-position-outside elementor-widget elementor-widget-image-carousel\" data-id=\"7f2d561b\" data-element_type=\"widget\" data-settings=\"{&quot;slides_to_show&quot;:&quot;4&quot;,&quot;slides_to_show_tablet&quot;:&quot;3&quot;,&quot;slides_to_show_mobile&quot;:&quot;2&quot;,&quot;navigation&quot;:&quot;dots&quot;,&quot;lazyload&quot;:&quot;yes&quot;,&quot;image_spacing_custom&quot;:{&quot;unit&quot;:&quot;px&quot;,&quot;size&quot;:100,&quot;sizes&quot;:[]},&quot;autoplay&quot;:&quot;yes&quot;,&quot;pause_on_hover&quot;:&quot;yes&quot;,&quot;pause_on_interaction&quot;:&quot;yes&quot;,&quot;autoplay_speed&quot;:5000,&quot;infinite&quot;:&quot;yes&quot;,&quot;speed&quot;:500,&quot;image_spacing_custom_tablet&quot;:{&quot;unit&quot;:&quot;px&quot;,&quot;size&quot;:&quot;&quot;,&quot;sizes&quot;:[]},&quot;image_spacing_custom_mobile&quot;:{&quot;unit&quot;:&quot;px&quot;,&quot;size&quot;:&quot;&quot;,&quot;sizes&quot;:[]}}\" data-widget_type=\"image-carousel.default\">\n\t\t\t\t\t\t\t<div class=\"elementor-image-carousel-wrapper swiper\" role=\"region\" aria-roledescription=\"carousel\" aria-label=\"Carrousel d\u2019images\" dir=\"ltr\">\n\t\t\t<div class=\"elementor-image-carousel swiper-wrapper\" aria-live=\"off\">\n\t\t\t\t\t\t\t\t<div class=\"swiper-slide\" role=\"group\" aria-roledescription=\"slide\" aria-label=\"1 sur 11\"><figure class=\"swiper-slide-inner\"><img class=\"swiper-slide-image swiper-lazy\" data-src=\"https:\/\/lahaut.net\/wp-content\/uploads\/2025\/11\/ART-GILLES.png\" alt=\"ART GILLES\" \/><div class=\"swiper-lazy-preloader\"><\/div><\/figure><\/div><div class=\"swiper-slide\" role=\"group\" aria-roledescription=\"slide\" aria-label=\"2 sur 11\"><figure class=\"swiper-slide-inner\"><img class=\"swiper-slide-image swiper-lazy\" data-src=\"https:\/\/lahaut.net\/wp-content\/uploads\/2025\/11\/DOMAINE_MASSON.png\" alt=\"DOMAINE_MASSON\" \/><div class=\"swiper-lazy-preloader\"><\/div><\/figure><\/div><div class=\"swiper-slide\" role=\"group\" aria-roledescription=\"slide\" aria-label=\"3 sur 11\"><figure class=\"swiper-slide-inner\"><img class=\"swiper-slide-image swiper-lazy\" data-src=\"https:\/\/lahaut.net\/wp-content\/uploads\/2025\/11\/abbaye.png\" alt=\"abbaye\" \/><div class=\"swiper-lazy-preloader\"><\/div><\/figure><\/div><div class=\"swiper-slide\" role=\"group\" aria-roledescription=\"slide\" aria-label=\"4 sur 11\"><figure class=\"swiper-slide-inner\"><img class=\"swiper-slide-image swiper-lazy\" data-src=\"https:\/\/lahaut.net\/wp-content\/uploads\/2025\/11\/Bonneval-Logo-Charcoal.png\" alt=\"Bonneval-Logo-Charcoal\" \/><div class=\"swiper-lazy-preloader\"><\/div><\/figure><\/div><div class=\"swiper-slide\" role=\"group\" aria-roledescription=\"slide\" aria-label=\"5 sur 11\"><figure class=\"swiper-slide-inner\"><img class=\"swiper-slide-image swiper-lazy\" data-src=\"https:\/\/lahaut.net\/wp-content\/uploads\/2025\/11\/GLACE.png\" alt=\"GLACE\" \/><div class=\"swiper-lazy-preloader\"><\/div><\/figure><\/div><div class=\"swiper-slide\" role=\"group\" aria-roledescription=\"slide\" aria-label=\"6 sur 11\"><figure class=\"swiper-slide-inner\"><img class=\"swiper-slide-image swiper-lazy\" data-src=\"https:\/\/lahaut.net\/wp-content\/uploads\/2025\/11\/BOUCHERIE-CHABERT.png\" alt=\"BOUCHERIE CHABERT\" \/><div class=\"swiper-lazy-preloader\"><\/div><\/figure><\/div><div class=\"swiper-slide\" role=\"group\" aria-roledescription=\"slide\" aria-label=\"7 sur 11\"><figure class=\"swiper-slide-inner\"><img class=\"swiper-slide-image swiper-lazy\" data-src=\"https:\/\/lahaut.net\/wp-content\/uploads\/2025\/11\/COOP.png\" alt=\"COOP\" \/><div class=\"swiper-lazy-preloader\"><\/div><\/figure><\/div><div class=\"swiper-slide\" role=\"group\" aria-roledescription=\"slide\" aria-label=\"8 sur 11\"><figure class=\"swiper-slide-inner\"><img class=\"swiper-slide-image swiper-lazy\" data-src=\"https:\/\/lahaut.net\/wp-content\/uploads\/2025\/11\/EMMANUEL.png\" alt=\"EMMANUEL\" \/><div class=\"swiper-lazy-preloader\"><\/div><\/figure><\/div><div class=\"swiper-slide\" role=\"group\" aria-roledescription=\"slide\" aria-label=\"9 sur 11\"><figure class=\"swiper-slide-inner\"><img class=\"swiper-slide-image swiper-lazy\" data-src=\"https:\/\/lahaut.net\/wp-content\/uploads\/2025\/11\/ARPITAN.png\" alt=\"ARPITAN\" \/><div class=\"swiper-lazy-preloader\"><\/div><\/figure><\/div><div class=\"swiper-slide\" role=\"group\" aria-roledescription=\"slide\" aria-label=\"10 sur 11\"><figure class=\"swiper-slide-inner\"><img class=\"swiper-slide-image swiper-lazy\" data-src=\"https:\/\/lahaut.net\/wp-content\/uploads\/2025\/11\/Logo_LesBduB_France_Ovale-e1660901210443.png\" alt=\"Logo_LesBduB_France_Ovale-e1660901210443\" \/><div class=\"swiper-lazy-preloader\"><\/div><\/figure><\/div><div class=\"swiper-slide\" role=\"group\" aria-roledescription=\"slide\" aria-label=\"11 sur 11\"><figure class=\"swiper-slide-inner\"><img class=\"swiper-slide-image swiper-lazy\" data-src=\"https:\/\/lahaut.net\/wp-content\/uploads\/2025\/11\/MAISON-LAURENT.png\" alt=\"MAISON LAURENT\" \/><div class=\"swiper-lazy-preloader\"><\/div><\/figure><\/div>\t\t\t<\/div>\n\t\t\t\t\t\t\t\n\t\t\t\t\t\t\t\t\t<div class=\"swiper-pagination\"><\/div>\n\t\t\t\t\t\t\t\t\t<\/div>\n\t\t\t\t\t\t<\/div>\n\t\t\t\t\t<\/div>\n\t\t\t\t<\/div>\n\t\t\t\t<\/div>\n\t\t","protected":false},"excerpt":{"rendered":"<p>Chalet Refuge L\u00e0-Haut \u00c9loign\u00e9 de tout. proche de l\u2019essentiel Un horizon qui ne s\u2019oublie pas. \u00c0 1830 m d\u2019altitude, l\u2019alliance rare entre nature, \u00e9l\u00e9gance et montagne en transition. Bienvenue L\u00e0-Haut La Sambuy un site naturel d\u2019exception au c\u0153ur du Massif des Bauges Situ\u00e9e sur les hauteurs de Faverges-Seythenex, La Sambuy est un refuge pour celles [&hellip;]<\/p>\n","protected":false},"author":1,"featured_media":109,"parent":0,"menu_order":0,"comment_status":"closed","ping_status":"closed","template":"elementor_header_footer","meta":{"footnotes":""},"class_list":["post-93","page","type-page","status-publish","has-post-thumbnail","hentry"],"_links":{"self":[{"href":"https:\/\/lahaut.net\/index.php\/wp-json\/wp\/v2\/pages\/93","targetHints":{"allow":["GET"]}}],"collection":[{"href":"https:\/\/lahaut.net\/index.php\/wp-json\/wp\/v2\/pages"}],"about":[{"href":"https:\/\/lahaut.net\/index.php\/wp-json\/wp\/v2\/types\/page"}],"author":[{"embeddable":true,"href":"https:\/\/lahaut.net\/index.php\/wp-json\/wp\/v2\/users\/1"}],"replies":[{"embeddable":true,"href":"https:\/\/lahaut.net\/index.php\/wp-json\/wp\/v2\/comments?post=93"}],"version-history":[{"count":134,"href":"https:\/\/lahaut.net\/index.php\/wp-json\/wp\/v2\/pages\/93\/revisions"}],"predecessor-version":[{"id":669,"href":"https:\/\/lahaut.net\/index.php\/wp-json\/wp\/v2\/pages\/93\/revisions\/669"}],"wp:featuredmedia":[{"embeddable":true,"href":"https:\/\/lahaut.net\/index.php\/wp-json\/wp\/v2\/media\/109"}],"wp:attachment":[{"href":"https:\/\/lahaut.net\/index.php\/wp-json\/wp\/v2\/media?parent=93"}],"curies":[{"name":"wp","href":"https:\/\/api.w.org\/{rel}","templated":true}]}}